{"id":904,"date":"2021-05-12T13:13:15","date_gmt":"2021-05-12T11:13:15","guid":{"rendered":"http:\/\/lotoplant.com\/?post_type=product&#038;p=904"},"modified":"2021-05-28T11:32:17","modified_gmt":"2021-05-28T09:32:17","slug":"plantilla-138","status":"publish","type":"product","link":"https:\/\/lotoplant.com\/pt-pt\/producto\/plantilla-138\/","title":{"rendered":"Plantilla 138"},"content":{"rendered":"<div class=\"col-sm-12 col-md-5\">\n<div class=\"scrollmagic-pin-spacer\" data-scrollmagic-pin-spacer=\"\">\n<div class=\"portfolio-item-content affixcontent\">\n<div class=\"portfolio-item-desc\">\n<div class=\"portfolio-item-desc-inner \" data-collapse-at=\"150\">\n<p>Plantilla anat\u00f3mica de mujer con un dise\u00f1o especialmente pensado para adaptarse a la forma del pie.<\/p>\n<p>Es vers\u00e1til para encajar cualquier dise\u00f1o, ligera por su peso de 150 g. y de alta calidad gracias a sus materiales. Disponible desde la talla 35 a la 42.<\/p>\n<\/div>\n<\/div>\n<\/div>\n<\/div>\n<\/div>\n","protected":false},"excerpt":{"rendered":"<p>Plantilla anat\u00f3mica de mujer con un dise\u00f1o especialmente pensado para adaptarse a la forma del pie. Es vers\u00e1til para encajar cualquier dise\u00f1o, ligera por su peso de 150 g. y de alta calidad gracias a sus materiales. Disponible desde la talla 35 a la 42.<\/p>\n","protected":false},"featured_media":964,"comment_status":"open","ping_status":"closed","template":"","meta":{"_acf_changed":false,"_et_pb_use_builder":"","_et_pb_old_content":"","_et_gb_content_width":""},"product_brand":[],"product_cat":[22,23],"product_tag":[],"class_list":{"0":"post-904","1":"product","2":"type-product","3":"status-publish","4":"has-post-thumbnail","6":"product_cat-mujer","7":"product_cat-plantillas","9":"first","10":"instock","11":"shipping-taxable","12":"product-type-simple"},"acf":[],"_links":{"self":[{"href":"https:\/\/lotoplant.com\/pt-pt\/wp-json\/wp\/v2\/product\/904","targetHints":{"allow":["GET"]}}],"collection":[{"href":"https:\/\/lotoplant.com\/pt-pt\/wp-json\/wp\/v2\/product"}],"about":[{"href":"https:\/\/lotoplant.com\/pt-pt\/wp-json\/wp\/v2\/types\/product"}],"replies":[{"embeddable":true,"href":"https:\/\/lotoplant.com\/pt-pt\/wp-json\/wp\/v2\/comments?post=904"}],"wp:featuredmedia":[{"embeddable":true,"href":"https:\/\/lotoplant.com\/pt-pt\/wp-json\/wp\/v2\/media\/964"}],"wp:attachment":[{"href":"https:\/\/lotoplant.com\/pt-pt\/wp-json\/wp\/v2\/media?parent=904"}],"wp:term":[{"taxonomy":"product_brand","embeddable":true,"href":"https:\/\/lotoplant.com\/pt-pt\/wp-json\/wp\/v2\/product_brand?post=904"},{"taxonomy":"product_cat","embeddable":true,"href":"https:\/\/lotoplant.com\/pt-pt\/wp-json\/wp\/v2\/product_cat?post=904"},{"taxonomy":"product_tag","embeddable":true,"href":"https:\/\/lotoplant.com\/pt-pt\/wp-json\/wp\/v2\/product_tag?post=904"}],"curies":[{"name":"wp","href":"https:\/\/api.w.org\/{rel}","templated":true}]}}