{"id":900,"date":"2021-05-12T12:55:16","date_gmt":"2021-05-12T10:55:16","guid":{"rendered":"http:\/\/lotoplant.com\/?post_type=product&#038;p=900"},"modified":"2021-05-28T11:32:27","modified_gmt":"2021-05-28T09:32:27","slug":"plantilla-105","status":"publish","type":"product","link":"https:\/\/lotoplant.com\/pt-pt\/producto\/plantilla-105\/","title":{"rendered":"Plantilla 105"},"content":{"rendered":"<div class=\"col-sm-12 col-md-5\">\n<div class=\"scrollmagic-pin-spacer\" data-scrollmagic-pin-spacer=\"\">\n<div class=\"portfolio-item-content affixcontent\">\n<div class=\"portfolio-item-desc\">\n<div class=\"portfolio-item-desc-inner \" data-collapse-at=\"150\">\n<p>Plantilla anat\u00f3mica de mujer dise\u00f1ada con formas circulares que producen una sensaci\u00f3n de masaje con cada paso.<\/p>\n<p>Un modelo ligero, con 100 g. y comodidad superior gracias a su exclusiva fabricaci\u00f3n. Caminar con ella ser\u00e1\u00a0 un placer. Disponible desde la talla 36 a la 42.<\/p>\n<\/div>\n<\/div>\n<\/div>\n<\/div>\n<\/div>\n","protected":false},"excerpt":{"rendered":"<p>Plantilla anat\u00f3mica de mujer dise\u00f1ada con formas circulares que producen una sensaci\u00f3n de masaje con cada paso. Un modelo ligero, con 100 g. y comodidad superior gracias a su exclusiva fabricaci\u00f3n. Caminar con ella ser\u00e1\u00a0 un placer. Disponible desde la talla 36 a la 42.<\/p>\n","protected":false},"featured_media":1020,"comment_status":"open","ping_status":"closed","template":"","meta":{"_acf_changed":false,"_et_pb_use_builder":"","_et_pb_old_content":"","_et_gb_content_width":""},"product_brand":[],"product_cat":[22,23],"product_tag":[],"class_list":{"0":"post-900","1":"product","2":"type-product","3":"status-publish","4":"has-post-thumbnail","6":"product_cat-mujer","7":"product_cat-plantillas","9":"first","10":"instock","11":"shipping-taxable","12":"product-type-simple"},"acf":[],"_links":{"self":[{"href":"https:\/\/lotoplant.com\/pt-pt\/wp-json\/wp\/v2\/product\/900","targetHints":{"allow":["GET"]}}],"collection":[{"href":"https:\/\/lotoplant.com\/pt-pt\/wp-json\/wp\/v2\/product"}],"about":[{"href":"https:\/\/lotoplant.com\/pt-pt\/wp-json\/wp\/v2\/types\/product"}],"replies":[{"embeddable":true,"href":"https:\/\/lotoplant.com\/pt-pt\/wp-json\/wp\/v2\/comments?post=900"}],"wp:featuredmedia":[{"embeddable":true,"href":"https:\/\/lotoplant.com\/pt-pt\/wp-json\/wp\/v2\/media\/1020"}],"wp:attachment":[{"href":"https:\/\/lotoplant.com\/pt-pt\/wp-json\/wp\/v2\/media?parent=900"}],"wp:term":[{"taxonomy":"product_brand","embeddable":true,"href":"https:\/\/lotoplant.com\/pt-pt\/wp-json\/wp\/v2\/product_brand?post=900"},{"taxonomy":"product_cat","embeddable":true,"href":"https:\/\/lotoplant.com\/pt-pt\/wp-json\/wp\/v2\/product_cat?post=900"},{"taxonomy":"product_tag","embeddable":true,"href":"https:\/\/lotoplant.com\/pt-pt\/wp-json\/wp\/v2\/product_tag?post=900"}],"curies":[{"name":"wp","href":"https:\/\/api.w.org\/{rel}","templated":true}]}}