{"id":191,"date":"2021-04-16T12:37:08","date_gmt":"2021-04-16T10:37:08","guid":{"rendered":"http:\/\/lotoplant.com\/?post_type=product&#038;p=191"},"modified":"2021-05-03T12:13:26","modified_gmt":"2021-05-03T10:13:26","slug":"plantilla-181","status":"publish","type":"product","link":"https:\/\/lotoplant.com\/pt-pt\/producto\/plantilla-181\/","title":{"rendered":"Plantilla 181"},"content":{"rendered":"<div class=\"col-sm-12 col-md-5\">\n<div class=\"scrollmagic-pin-spacer\" data-scrollmagic-pin-spacer=\"\">\n<div class=\"portfolio-item-content affixcontent\">\n<div class=\"portfolio-item-desc\">\n<div class=\"portfolio-item-desc-inner \" data-collapse-at=\"150\">\n<p>Plantilla de mujer fabricada con materiales de calidad y cambrill\u00f3n incluido.<\/p>\n<p>Este dise\u00f1o es apto para usar en modelos a los que se les quiera incorporar un tac\u00f3n y con \u00e9l se consiguen zapatos originales y con un extra de comodidad. Disponible desde la talla 36 a la 42.<\/p>\n<\/div>\n<\/div>\n<\/div>\n<\/div>\n<\/div>\n","protected":false},"excerpt":{"rendered":"<p>Plantilla de mujer fabricada con materiales de calidad y cambrill\u00f3n incluido. Este dise\u00f1o es apto para usar en modelos a los que se les quiera incorporar un tac\u00f3n y con \u00e9l se consiguen zapatos originales y con un extra de comodidad. Disponible desde la talla 36 a la 42.<\/p>\n","protected":false},"featured_media":794,"comment_status":"open","ping_status":"closed","template":"","meta":{"_acf_changed":false,"_et_pb_use_builder":"","_et_pb_old_content":"","_et_gb_content_width":""},"product_brand":[],"product_cat":[22,23],"product_tag":[],"class_list":{"0":"post-191","1":"product","2":"type-product","3":"status-publish","4":"has-post-thumbnail","6":"product_cat-mujer","7":"product_cat-plantillas","9":"first","10":"instock","11":"shipping-taxable","12":"product-type-simple"},"acf":[],"_links":{"self":[{"href":"https:\/\/lotoplant.com\/pt-pt\/wp-json\/wp\/v2\/product\/191","targetHints":{"allow":["GET"]}}],"collection":[{"href":"https:\/\/lotoplant.com\/pt-pt\/wp-json\/wp\/v2\/product"}],"about":[{"href":"https:\/\/lotoplant.com\/pt-pt\/wp-json\/wp\/v2\/types\/product"}],"replies":[{"embeddable":true,"href":"https:\/\/lotoplant.com\/pt-pt\/wp-json\/wp\/v2\/comments?post=191"}],"wp:featuredmedia":[{"embeddable":true,"href":"https:\/\/lotoplant.com\/pt-pt\/wp-json\/wp\/v2\/media\/794"}],"wp:attachment":[{"href":"https:\/\/lotoplant.com\/pt-pt\/wp-json\/wp\/v2\/media?parent=191"}],"wp:term":[{"taxonomy":"product_brand","embeddable":true,"href":"https:\/\/lotoplant.com\/pt-pt\/wp-json\/wp\/v2\/product_brand?post=191"},{"taxonomy":"product_cat","embeddable":true,"href":"https:\/\/lotoplant.com\/pt-pt\/wp-json\/wp\/v2\/product_cat?post=191"},{"taxonomy":"product_tag","embeddable":true,"href":"https:\/\/lotoplant.com\/pt-pt\/wp-json\/wp\/v2\/product_tag?post=191"}],"curies":[{"name":"wp","href":"https:\/\/api.w.org\/{rel}","templated":true}]}}