{"id":1824,"date":"2022-05-31T15:09:43","date_gmt":"2022-05-31T13:09:43","guid":{"rendered":"http:\/\/lotoplant.com\/?post_type=product&#038;p=1824"},"modified":"2022-06-03T12:40:22","modified_gmt":"2022-06-03T10:40:22","slug":"plantilla-modelo-goleta","status":"publish","type":"product","link":"https:\/\/lotoplant.com\/pt-pt\/producto\/plantilla-modelo-goleta\/","title":{"rendered":"Plantilla Modelo Goleta"},"content":{"rendered":"<p>Plantilla de mujer anat\u00f3mica Goleta. Dise\u00f1ada con un estilo vers\u00e1til que se adapta a cualquier zapato. Es uno de los modelos m\u00e1s vendidos de nuestra colecci\u00f3n, por su confort inigualable.<\/p>\n<p>Tiene un peso aproximado es de 160 g. y est\u00e1 disponible desde la talla 36 a la 42.<\/p>\n","protected":false},"excerpt":{"rendered":"<p>Plantilla de mujer anat\u00f3mica Goleta. Dise\u00f1ada con un estilo vers\u00e1til que se adapta a cualquier zapato. Es uno de los modelos m\u00e1s vendidos de nuestra colecci\u00f3n, por su confort inigualable. Tiene un peso aproximado es de 160 g. y est\u00e1 disponible desde la talla 36 a la 42.<\/p>\n","protected":false},"featured_media":1833,"comment_status":"open","ping_status":"closed","template":"","meta":{"_acf_changed":false,"_et_pb_use_builder":"","_et_pb_old_content":"","_et_gb_content_width":""},"product_brand":[],"product_cat":[47,48,52,54,53,46],"product_tag":[],"class_list":{"0":"post-1824","1":"product","2":"type-product","3":"status-publish","4":"has-post-thumbnail","6":"product_cat-femme","7":"product_cat-frau","8":"product_cat-insoles","9":"product_cat-schuheinlagen","10":"product_cat-semelles","11":"product_cat-woman","13":"first","14":"instock","15":"shipping-taxable","16":"product-type-simple"},"acf":[],"_links":{"self":[{"href":"https:\/\/lotoplant.com\/pt-pt\/wp-json\/wp\/v2\/product\/1824","targetHints":{"allow":["GET"]}}],"collection":[{"href":"https:\/\/lotoplant.com\/pt-pt\/wp-json\/wp\/v2\/product"}],"about":[{"href":"https:\/\/lotoplant.com\/pt-pt\/wp-json\/wp\/v2\/types\/product"}],"replies":[{"embeddable":true,"href":"https:\/\/lotoplant.com\/pt-pt\/wp-json\/wp\/v2\/comments?post=1824"}],"wp:featuredmedia":[{"embeddable":true,"href":"https:\/\/lotoplant.com\/pt-pt\/wp-json\/wp\/v2\/media\/1833"}],"wp:attachment":[{"href":"https:\/\/lotoplant.com\/pt-pt\/wp-json\/wp\/v2\/media?parent=1824"}],"wp:term":[{"taxonomy":"product_brand","embeddable":true,"href":"https:\/\/lotoplant.com\/pt-pt\/wp-json\/wp\/v2\/product_brand?post=1824"},{"taxonomy":"product_cat","embeddable":true,"href":"https:\/\/lotoplant.com\/pt-pt\/wp-json\/wp\/v2\/product_cat?post=1824"},{"taxonomy":"product_tag","embeddable":true,"href":"https:\/\/lotoplant.com\/pt-pt\/wp-json\/wp\/v2\/product_tag?post=1824"}],"curies":[{"name":"wp","href":"https:\/\/api.w.org\/{rel}","templated":true}]}}