{"id":1734,"date":"2022-05-31T10:03:41","date_gmt":"2022-05-31T08:03:41","guid":{"rendered":"http:\/\/lotoplant.com\/?post_type=product&#038;p=1734"},"modified":"2022-06-02T09:52:10","modified_gmt":"2022-06-02T07:52:10","slug":"plantilla-183","status":"publish","type":"product","link":"https:\/\/lotoplant.com\/pt-pt\/producto\/plantilla-183\/","title":{"rendered":"Plantilla 183"},"content":{"rendered":"<p>Plantilla de mujer fabricada con cu\u00f1a media y formas redondeadas en puntera y tal\u00f3n. Perfectas para darle un toque sutil a tu dise\u00f1o.<\/p>\n<p>Ultraligera con un peso aproximado de 125 g. y disponible desde la talla 36 a la 42.<\/p>\n","protected":false},"excerpt":{"rendered":"<p>Plantilla de mujer fabricada con cu\u00f1a media y formas redondeadas en puntera y tal\u00f3n. Perfectas para darle un toque sutil a tu dise\u00f1o. Ultraligera con un peso aproximado de 125 g. y disponible desde la talla 36 a la 42.<\/p>\n","protected":false},"featured_media":1750,"comment_status":"open","ping_status":"closed","template":"","meta":{"_acf_changed":false,"_et_pb_use_builder":"","_et_pb_old_content":"","_et_gb_content_width":""},"product_brand":[],"product_cat":[22,23],"product_tag":[],"class_list":{"0":"post-1734","1":"product","2":"type-product","3":"status-publish","4":"has-post-thumbnail","6":"product_cat-mujer","7":"product_cat-plantillas","9":"first","10":"instock","11":"shipping-taxable","12":"product-type-simple"},"acf":[],"_links":{"self":[{"href":"https:\/\/lotoplant.com\/pt-pt\/wp-json\/wp\/v2\/product\/1734","targetHints":{"allow":["GET"]}}],"collection":[{"href":"https:\/\/lotoplant.com\/pt-pt\/wp-json\/wp\/v2\/product"}],"about":[{"href":"https:\/\/lotoplant.com\/pt-pt\/wp-json\/wp\/v2\/types\/product"}],"replies":[{"embeddable":true,"href":"https:\/\/lotoplant.com\/pt-pt\/wp-json\/wp\/v2\/comments?post=1734"}],"wp:featuredmedia":[{"embeddable":true,"href":"https:\/\/lotoplant.com\/pt-pt\/wp-json\/wp\/v2\/media\/1750"}],"wp:attachment":[{"href":"https:\/\/lotoplant.com\/pt-pt\/wp-json\/wp\/v2\/media?parent=1734"}],"wp:term":[{"taxonomy":"product_brand","embeddable":true,"href":"https:\/\/lotoplant.com\/pt-pt\/wp-json\/wp\/v2\/product_brand?post=1734"},{"taxonomy":"product_cat","embeddable":true,"href":"https:\/\/lotoplant.com\/pt-pt\/wp-json\/wp\/v2\/product_cat?post=1734"},{"taxonomy":"product_tag","embeddable":true,"href":"https:\/\/lotoplant.com\/pt-pt\/wp-json\/wp\/v2\/product_tag?post=1734"}],"curies":[{"name":"wp","href":"https:\/\/api.w.org\/{rel}","templated":true}]}}