{"id":150,"date":"2021-04-16T12:00:15","date_gmt":"2021-04-16T10:00:15","guid":{"rendered":"http:\/\/lotoplant.com\/?post_type=product&#038;p=150"},"modified":"2021-05-28T11:41:58","modified_gmt":"2021-05-28T09:41:58","slug":"plantilla-m588","status":"publish","type":"product","link":"https:\/\/lotoplant.com\/pt-pt\/producto\/plantilla-m588\/","title":{"rendered":"Plantilla M588"},"content":{"rendered":"<p>Plantilla de hombre dise\u00f1ada para evitar la presi\u00f3n sobre el pie al caminar. Su dise\u00f1o con formas circulares sobre la planta aporta comodidad en cada movimiento.<\/p>\n<p>Su peso medio es de 175 g. aproximadamente y su calidad, gracias a sus materiales, es innegable. Disponible desde la talla 39 a la 48.<\/p>\n","protected":false},"excerpt":{"rendered":"<p>Plantilla de hombre dise\u00f1ada para evitar la presi\u00f3n sobre el pie al caminar. Su dise\u00f1o con formas circulares sobre la planta aporta comodidad en cada movimiento. Su peso medio es de 175 g. aproximadamente y su calidad, gracias a sus materiales, es innegable. Disponible desde la talla 39 a la 48.<\/p>\n","protected":false},"featured_media":844,"comment_status":"open","ping_status":"closed","template":"","meta":{"_acf_changed":false,"_et_pb_use_builder":"","_et_pb_old_content":"","_et_gb_content_width":""},"product_brand":[],"product_cat":[21,23],"product_tag":[],"class_list":{"0":"post-150","1":"product","2":"type-product","3":"status-publish","4":"has-post-thumbnail","6":"product_cat-hombre","7":"product_cat-plantillas","9":"first","10":"instock","11":"shipping-taxable","12":"product-type-simple"},"acf":[],"_links":{"self":[{"href":"https:\/\/lotoplant.com\/pt-pt\/wp-json\/wp\/v2\/product\/150","targetHints":{"allow":["GET"]}}],"collection":[{"href":"https:\/\/lotoplant.com\/pt-pt\/wp-json\/wp\/v2\/product"}],"about":[{"href":"https:\/\/lotoplant.com\/pt-pt\/wp-json\/wp\/v2\/types\/product"}],"replies":[{"embeddable":true,"href":"https:\/\/lotoplant.com\/pt-pt\/wp-json\/wp\/v2\/comments?post=150"}],"wp:featuredmedia":[{"embeddable":true,"href":"https:\/\/lotoplant.com\/pt-pt\/wp-json\/wp\/v2\/media\/844"}],"wp:attachment":[{"href":"https:\/\/lotoplant.com\/pt-pt\/wp-json\/wp\/v2\/media?parent=150"}],"wp:term":[{"taxonomy":"product_brand","embeddable":true,"href":"https:\/\/lotoplant.com\/pt-pt\/wp-json\/wp\/v2\/product_brand?post=150"},{"taxonomy":"product_cat","embeddable":true,"href":"https:\/\/lotoplant.com\/pt-pt\/wp-json\/wp\/v2\/product_cat?post=150"},{"taxonomy":"product_tag","embeddable":true,"href":"https:\/\/lotoplant.com\/pt-pt\/wp-json\/wp\/v2\/product_tag?post=150"}],"curies":[{"name":"wp","href":"https:\/\/api.w.org\/{rel}","templated":true}]}}