{"id":943,"date":"2021-05-12T13:19:55","date_gmt":"2021-05-12T11:19:55","guid":{"rendered":"http:\/\/lotoplant.com\/?post_type=product&#038;p=943"},"modified":"2021-05-28T12:20:52","modified_gmt":"2021-05-28T10:20:52","slug":"semelle-768","status":"publish","type":"product","link":"https:\/\/lotoplant.com\/fr\/producto\/semelle-768\/","title":{"rendered":"Semelle 768"},"content":{"rendered":"<div class=\"col-sm-12 col-md-5\">\n<div class=\"scrollmagic-pin-spacer\" data-scrollmagic-pin-spacer=\"\">\n<div class=\"portfolio-item-content affixcontent\">\n<div class=\"portfolio-item-desc\">\n<div class=\"portfolio-item-desc-inner \" data-collapse-at=\"150\">\n<p>Semelle anatomique pour femme, au design \u00e9l\u00e9gant et styl\u00e9.<\/p>\n<p>Il s&rsquo;agit du mod\u00e8le compens\u00e9 le plus haut de notre catalogue, mais gr\u00e2ce \u00e0 ses mat\u00e9riaux, il peut se vanter d&rsquo;\u00eatre confortable en m\u00eame temps. 250 g. de poids. Disponible de la taille 36 \u00e0 42.<\/p>\n<\/div>\n<\/div>\n<\/div>\n<\/div>\n<\/div>\n","protected":false},"excerpt":{"rendered":"<p>Semelle anatomique pour femme, au design \u00e9l\u00e9gant et styl\u00e9. Il s&rsquo;agit du mod\u00e8le compens\u00e9 le plus haut de notre catalogue, mais gr\u00e2ce \u00e0 ses mat\u00e9riaux, il peut se vanter d&rsquo;\u00eatre confortable en m\u00eame temps. 250 g. de poids. Disponible de la taille 36 \u00e0 42.<\/p>\n","protected":false},"featured_media":954,"comment_status":"open","ping_status":"closed","template":"","meta":{"_acf_changed":false,"_et_pb_use_builder":"","_et_pb_old_content":"","_et_gb_content_width":""},"product_brand":[],"product_cat":[47,22,23,53],"product_tag":[],"class_list":{"0":"post-943","1":"product","2":"type-product","3":"status-publish","4":"has-post-thumbnail","6":"product_cat-femme","7":"product_cat-mujer","8":"product_cat-plantillas","9":"product_cat-semelles","11":"first","12":"instock","13":"shipping-taxable","14":"product-type-simple"},"acf":[],"_links":{"self":[{"href":"https:\/\/lotoplant.com\/fr\/wp-json\/wp\/v2\/product\/943","targetHints":{"allow":["GET"]}}],"collection":[{"href":"https:\/\/lotoplant.com\/fr\/wp-json\/wp\/v2\/product"}],"about":[{"href":"https:\/\/lotoplant.com\/fr\/wp-json\/wp\/v2\/types\/product"}],"replies":[{"embeddable":true,"href":"https:\/\/lotoplant.com\/fr\/wp-json\/wp\/v2\/comments?post=943"}],"wp:featuredmedia":[{"embeddable":true,"href":"https:\/\/lotoplant.com\/fr\/wp-json\/wp\/v2\/media\/954"}],"wp:attachment":[{"href":"https:\/\/lotoplant.com\/fr\/wp-json\/wp\/v2\/media?parent=943"}],"wp:term":[{"taxonomy":"product_brand","embeddable":true,"href":"https:\/\/lotoplant.com\/fr\/wp-json\/wp\/v2\/product_brand?post=943"},{"taxonomy":"product_cat","embeddable":true,"href":"https:\/\/lotoplant.com\/fr\/wp-json\/wp\/v2\/product_cat?post=943"},{"taxonomy":"product_tag","embeddable":true,"href":"https:\/\/lotoplant.com\/fr\/wp-json\/wp\/v2\/product_tag?post=943"}],"curies":[{"name":"wp","href":"https:\/\/api.w.org\/{rel}","templated":true}]}}