{"id":927,"date":"2021-05-12T13:18:02","date_gmt":"2021-05-12T11:18:03","guid":{"rendered":"http:\/\/lotoplant.com\/?post_type=product&#038;p=927"},"modified":"2021-05-28T12:21:06","modified_gmt":"2021-05-28T10:21:06","slug":"semelle-745","status":"publish","type":"product","link":"https:\/\/lotoplant.com\/fr\/producto\/semelle-745\/","title":{"rendered":"Semelle 745"},"content":{"rendered":"<div class=\"col-sm-12 col-md-5\">\n<div class=\"scrollmagic-pin-spacer\" data-scrollmagic-pin-spacer=\"\">\n<div class=\"portfolio-item-content affixcontent\">\n<div class=\"portfolio-item-desc\">\n<div class=\"portfolio-item-desc-inner \" data-collapse-at=\"150\">\n<p>Semelle int\u00e9rieure pour femme con\u00e7ue pour s&rsquo;adapter parfaitement aux chaussures compens\u00e9es de hauteur moyenne et \u00e0 la forme arrondie du talon.<\/p>\n<p>Sa forme anatomique et son poids approximatif de 150 g. le rendent confortable et l\u00e9ger malgr\u00e9 ses centim\u00e8tres suppl\u00e9mentaires. Disponible de la taille 36 \u00e0 42.<\/p>\n<\/div>\n<\/div>\n<\/div>\n<\/div>\n<\/div>\n","protected":false},"excerpt":{"rendered":"<p>Semelle int\u00e9rieure pour femme con\u00e7ue pour s&rsquo;adapter parfaitement aux chaussures compens\u00e9es de hauteur moyenne et \u00e0 la forme arrondie du talon. Sa forme anatomique et son poids approximatif de 150 g. le rendent confortable et l\u00e9ger malgr\u00e9 ses centim\u00e8tres suppl\u00e9mentaires. Disponible de la taille 36 \u00e0 42.<\/p>\n","protected":false},"featured_media":938,"comment_status":"open","ping_status":"closed","template":"","meta":{"_acf_changed":false,"_et_pb_use_builder":"","_et_pb_old_content":"","_et_gb_content_width":""},"product_brand":[],"product_cat":[47,53],"product_tag":[],"class_list":{"0":"post-927","1":"product","2":"type-product","3":"status-publish","4":"has-post-thumbnail","6":"product_cat-femme","7":"product_cat-semelles","9":"first","10":"instock","11":"shipping-taxable","12":"product-type-simple"},"acf":[],"_links":{"self":[{"href":"https:\/\/lotoplant.com\/fr\/wp-json\/wp\/v2\/product\/927","targetHints":{"allow":["GET"]}}],"collection":[{"href":"https:\/\/lotoplant.com\/fr\/wp-json\/wp\/v2\/product"}],"about":[{"href":"https:\/\/lotoplant.com\/fr\/wp-json\/wp\/v2\/types\/product"}],"replies":[{"embeddable":true,"href":"https:\/\/lotoplant.com\/fr\/wp-json\/wp\/v2\/comments?post=927"}],"wp:featuredmedia":[{"embeddable":true,"href":"https:\/\/lotoplant.com\/fr\/wp-json\/wp\/v2\/media\/938"}],"wp:attachment":[{"href":"https:\/\/lotoplant.com\/fr\/wp-json\/wp\/v2\/media?parent=927"}],"wp:term":[{"taxonomy":"product_brand","embeddable":true,"href":"https:\/\/lotoplant.com\/fr\/wp-json\/wp\/v2\/product_brand?post=927"},{"taxonomy":"product_cat","embeddable":true,"href":"https:\/\/lotoplant.com\/fr\/wp-json\/wp\/v2\/product_cat?post=927"},{"taxonomy":"product_tag","embeddable":true,"href":"https:\/\/lotoplant.com\/fr\/wp-json\/wp\/v2\/product_tag?post=927"}],"curies":[{"name":"wp","href":"https:\/\/api.w.org\/{rel}","templated":true}]}}