{"id":911,"date":"2021-05-12T13:15:57","date_gmt":"2021-05-12T11:15:58","guid":{"rendered":"http:\/\/lotoplant.com\/?post_type=product&#038;p=911"},"modified":"2021-05-28T12:21:15","modified_gmt":"2021-05-28T10:21:15","slug":"semelle-168","status":"publish","type":"product","link":"https:\/\/lotoplant.com\/fr\/producto\/semelle-168\/","title":{"rendered":"Semelle 168"},"content":{"rendered":"<div class=\"col-sm-12 col-md-5\">\n<div class=\"scrollmagic-pin-spacer\" data-scrollmagic-pin-spacer=\"\">\n<div class=\"portfolio-item-content affixcontent\">\n<div class=\"portfolio-item-desc\">\n<div class=\"portfolio-item-desc-inner \" data-collapse-at=\"150\">\n<p>Semelle int\u00e9rieure pour femme avec un design anatomique et un poids de 250 g.<\/p>\n<p>Elle est parfait pour s\u2019associer avec des sandales \u00e9l\u00e9gantes et modernes. Ses 5,5 cm ne seront pas un inconv\u00e9nient. Notre mod\u00e8le 168 est fait pour supporter la hauteur. Disponible de la taille 35 \u00e0 42.<\/p>\n<\/div>\n<\/div>\n<\/div>\n<\/div>\n<\/div>\n","protected":false},"excerpt":{"rendered":"<p>Semelle int\u00e9rieure pour femme avec un design anatomique et un poids de 250 g. Elle est parfait pour s\u2019associer avec des sandales \u00e9l\u00e9gantes et modernes. Ses 5,5 cm ne seront pas un inconv\u00e9nient. Notre mod\u00e8le 168 est fait pour supporter la hauteur. Disponible de la taille 35 \u00e0 42.<\/p>\n","protected":false},"featured_media":922,"comment_status":"open","ping_status":"closed","template":"","meta":{"_acf_changed":false,"_et_pb_use_builder":"","_et_pb_old_content":"","_et_gb_content_width":""},"product_brand":[],"product_cat":[47,53],"product_tag":[],"class_list":{"0":"post-911","1":"product","2":"type-product","3":"status-publish","4":"has-post-thumbnail","6":"product_cat-femme","7":"product_cat-semelles","9":"first","10":"instock","11":"shipping-taxable","12":"product-type-simple"},"acf":[],"_links":{"self":[{"href":"https:\/\/lotoplant.com\/fr\/wp-json\/wp\/v2\/product\/911","targetHints":{"allow":["GET"]}}],"collection":[{"href":"https:\/\/lotoplant.com\/fr\/wp-json\/wp\/v2\/product"}],"about":[{"href":"https:\/\/lotoplant.com\/fr\/wp-json\/wp\/v2\/types\/product"}],"replies":[{"embeddable":true,"href":"https:\/\/lotoplant.com\/fr\/wp-json\/wp\/v2\/comments?post=911"}],"wp:featuredmedia":[{"embeddable":true,"href":"https:\/\/lotoplant.com\/fr\/wp-json\/wp\/v2\/media\/922"}],"wp:attachment":[{"href":"https:\/\/lotoplant.com\/fr\/wp-json\/wp\/v2\/media?parent=911"}],"wp:term":[{"taxonomy":"product_brand","embeddable":true,"href":"https:\/\/lotoplant.com\/fr\/wp-json\/wp\/v2\/product_brand?post=911"},{"taxonomy":"product_cat","embeddable":true,"href":"https:\/\/lotoplant.com\/fr\/wp-json\/wp\/v2\/product_cat?post=911"},{"taxonomy":"product_tag","embeddable":true,"href":"https:\/\/lotoplant.com\/fr\/wp-json\/wp\/v2\/product_tag?post=911"}],"curies":[{"name":"wp","href":"https:\/\/api.w.org\/{rel}","templated":true}]}}