{"id":907,"date":"2021-05-12T13:13:15","date_gmt":"2021-05-12T11:13:16","guid":{"rendered":"http:\/\/lotoplant.com\/?post_type=product&#038;p=907"},"modified":"2021-05-28T12:21:27","modified_gmt":"2021-05-28T10:21:27","slug":"plantilla-138","status":"publish","type":"product","link":"https:\/\/lotoplant.com\/fr\/producto\/plantilla-138\/","title":{"rendered":"Semelle 138"},"content":{"rendered":"<div class=\"col-sm-12 col-md-5\">\n<div class=\"scrollmagic-pin-spacer\" data-scrollmagic-pin-spacer=\"\">\n<div class=\"portfolio-item-content affixcontent\">\n<div class=\"portfolio-item-desc\">\n<div class=\"portfolio-item-desc-inner \" data-collapse-at=\"150\">\n<p>Semelle anatomique pour femme dont le design est sp\u00e9cialement con\u00e7u pour s&rsquo;adapter \u00e0 la forme du pied.<\/p>\n<p>Elle est polyvalent pour s&rsquo;adapter \u00e0 n&rsquo;importe quel design, l\u00e9ger par son poids de 150 g. et de haute qualit\u00e9 gr\u00e2ce \u00e0 ses mat\u00e9riaux. Disponible de la taille 35 \u00e0 42.<\/p>\n<\/div>\n<\/div>\n<\/div>\n<\/div>\n<\/div>\n","protected":false},"excerpt":{"rendered":"<p>Semelle anatomique pour femme dont le design est sp\u00e9cialement con\u00e7u pour s&rsquo;adapter \u00e0 la forme du pied. Elle est polyvalent pour s&rsquo;adapter \u00e0 n&rsquo;importe quel design, l\u00e9ger par son poids de 150 g. et de haute qualit\u00e9 gr\u00e2ce \u00e0 ses mat\u00e9riaux. Disponible de la taille 35 \u00e0 42.<\/p>\n","protected":false},"featured_media":966,"comment_status":"open","ping_status":"closed","template":"","meta":{"_acf_changed":false,"_et_pb_use_builder":"","_et_pb_old_content":"","_et_gb_content_width":""},"product_brand":[],"product_cat":[47,53],"product_tag":[],"class_list":{"0":"post-907","1":"product","2":"type-product","3":"status-publish","4":"has-post-thumbnail","6":"product_cat-femme","7":"product_cat-semelles","9":"first","10":"instock","11":"shipping-taxable","12":"product-type-simple"},"acf":[],"_links":{"self":[{"href":"https:\/\/lotoplant.com\/fr\/wp-json\/wp\/v2\/product\/907","targetHints":{"allow":["GET"]}}],"collection":[{"href":"https:\/\/lotoplant.com\/fr\/wp-json\/wp\/v2\/product"}],"about":[{"href":"https:\/\/lotoplant.com\/fr\/wp-json\/wp\/v2\/types\/product"}],"replies":[{"embeddable":true,"href":"https:\/\/lotoplant.com\/fr\/wp-json\/wp\/v2\/comments?post=907"}],"wp:featuredmedia":[{"embeddable":true,"href":"https:\/\/lotoplant.com\/fr\/wp-json\/wp\/v2\/media\/966"}],"wp:attachment":[{"href":"https:\/\/lotoplant.com\/fr\/wp-json\/wp\/v2\/media?parent=907"}],"wp:term":[{"taxonomy":"product_brand","embeddable":true,"href":"https:\/\/lotoplant.com\/fr\/wp-json\/wp\/v2\/product_brand?post=907"},{"taxonomy":"product_cat","embeddable":true,"href":"https:\/\/lotoplant.com\/fr\/wp-json\/wp\/v2\/product_cat?post=907"},{"taxonomy":"product_tag","embeddable":true,"href":"https:\/\/lotoplant.com\/fr\/wp-json\/wp\/v2\/product_tag?post=907"}],"curies":[{"name":"wp","href":"https:\/\/api.w.org\/{rel}","templated":true}]}}