{"id":903,"date":"2021-05-12T12:55:16","date_gmt":"2021-05-12T10:55:17","guid":{"rendered":"http:\/\/lotoplant.com\/?post_type=product&#038;p=903"},"modified":"2021-05-28T12:21:35","modified_gmt":"2021-05-28T10:21:35","slug":"semelle-105","status":"publish","type":"product","link":"https:\/\/lotoplant.com\/fr\/producto\/semelle-105\/","title":{"rendered":"Semelle 105"},"content":{"rendered":"<div class=\"col-sm-12 col-md-5\">\n<div class=\"scrollmagic-pin-spacer\" data-scrollmagic-pin-spacer=\"\">\n<div class=\"portfolio-item-content affixcontent\">\n<div class=\"portfolio-item-desc\">\n<div class=\"portfolio-item-desc-inner \" data-collapse-at=\"150\">\n<p>Semelle anatomique pour femme con\u00e7ue avec des formes circulaires qui produisent une sensation de massage \u00e0 chaque pas.<\/p>\n<p>Un mod\u00e8le l\u00e9ger, avec 100 g. et un confort sup\u00e9rieur gr\u00e2ce \u00e0 sa fabrication unique. Se promener avec elle sera un plaisir. Disponible de la taille 36 \u00e0 42.<\/p>\n<\/div>\n<\/div>\n<\/div>\n<\/div>\n<\/div>\n","protected":false},"excerpt":{"rendered":"<p>Semelle anatomique pour femme con\u00e7ue avec des formes circulaires qui produisent une sensation de massage \u00e0 chaque pas. Un mod\u00e8le l\u00e9ger, avec 100 g. et un confort sup\u00e9rieur gr\u00e2ce \u00e0 sa fabrication unique. Se promener avec elle sera un plaisir. Disponible de la taille 36 \u00e0 42.<\/p>\n","protected":false},"featured_media":1022,"comment_status":"open","ping_status":"closed","template":"","meta":{"_acf_changed":false,"_et_pb_use_builder":"","_et_pb_old_content":"","_et_gb_content_width":""},"product_brand":[],"product_cat":[47,53],"product_tag":[],"class_list":{"0":"post-903","1":"product","2":"type-product","3":"status-publish","4":"has-post-thumbnail","6":"product_cat-femme","7":"product_cat-semelles","9":"first","10":"instock","11":"shipping-taxable","12":"product-type-simple"},"acf":[],"_links":{"self":[{"href":"https:\/\/lotoplant.com\/fr\/wp-json\/wp\/v2\/product\/903","targetHints":{"allow":["GET"]}}],"collection":[{"href":"https:\/\/lotoplant.com\/fr\/wp-json\/wp\/v2\/product"}],"about":[{"href":"https:\/\/lotoplant.com\/fr\/wp-json\/wp\/v2\/types\/product"}],"replies":[{"embeddable":true,"href":"https:\/\/lotoplant.com\/fr\/wp-json\/wp\/v2\/comments?post=903"}],"wp:featuredmedia":[{"embeddable":true,"href":"https:\/\/lotoplant.com\/fr\/wp-json\/wp\/v2\/media\/1022"}],"wp:attachment":[{"href":"https:\/\/lotoplant.com\/fr\/wp-json\/wp\/v2\/media?parent=903"}],"wp:term":[{"taxonomy":"product_brand","embeddable":true,"href":"https:\/\/lotoplant.com\/fr\/wp-json\/wp\/v2\/product_brand?post=903"},{"taxonomy":"product_cat","embeddable":true,"href":"https:\/\/lotoplant.com\/fr\/wp-json\/wp\/v2\/product_cat?post=903"},{"taxonomy":"product_tag","embeddable":true,"href":"https:\/\/lotoplant.com\/fr\/wp-json\/wp\/v2\/product_tag?post=903"}],"curies":[{"name":"wp","href":"https:\/\/api.w.org\/{rel}","templated":true}]}}