{"id":586,"date":"2021-04-16T11:50:19","date_gmt":"2021-04-20T09:56:38","guid":{"rendered":"http:\/\/lotoplant.com\/producto\/semelle-m90-boutons\/"},"modified":"2021-05-28T12:25:00","modified_gmt":"2021-05-28T10:25:00","slug":"semelle-m90-boutons","status":"publish","type":"product","link":"https:\/\/lotoplant.com\/fr\/producto\/semelle-m90-boutons\/","title":{"rendered":"Semelle M90 Boutons"},"content":{"rendered":"<p>Semelle anatomique pour hommes et femmes con\u00e7ue avec des formes circulaires en relief qui procurent un massage agr\u00e9able aux pieds \u00e0 chaque pas.<\/p>\n<p>Ses 140 g. en font une semelle l\u00e9g\u00e8re et extr\u00eamement confortable. Disponible de la taille 36 \u00e0 46.<\/p>\n","protected":false},"excerpt":{"rendered":"<p>Semelle anatomique pour hommes et femmes con\u00e7ue avec des formes circulaires en relief qui procurent un massage agr\u00e9able aux pieds \u00e0 chaque pas. Ses 140 g. en font une semelle l\u00e9g\u00e8re et extr\u00eamement confortable. Disponible de la taille 36 \u00e0 46.<\/p>\n","protected":false},"featured_media":850,"comment_status":"open","ping_status":"closed","template":"","meta":{"_acf_changed":false,"_et_pb_use_builder":"","_et_pb_old_content":"","_et_gb_content_width":""},"product_brand":[],"product_cat":[47,44,53],"product_tag":[],"class_list":{"0":"post-586","1":"product","2":"type-product","3":"status-publish","4":"has-post-thumbnail","6":"product_cat-femme","7":"product_cat-homme","8":"product_cat-semelles","10":"first","11":"instock","12":"shipping-taxable","13":"product-type-simple"},"acf":[],"_links":{"self":[{"href":"https:\/\/lotoplant.com\/fr\/wp-json\/wp\/v2\/product\/586","targetHints":{"allow":["GET"]}}],"collection":[{"href":"https:\/\/lotoplant.com\/fr\/wp-json\/wp\/v2\/product"}],"about":[{"href":"https:\/\/lotoplant.com\/fr\/wp-json\/wp\/v2\/types\/product"}],"replies":[{"embeddable":true,"href":"https:\/\/lotoplant.com\/fr\/wp-json\/wp\/v2\/comments?post=586"}],"wp:featuredmedia":[{"embeddable":true,"href":"https:\/\/lotoplant.com\/fr\/wp-json\/wp\/v2\/media\/850"}],"wp:attachment":[{"href":"https:\/\/lotoplant.com\/fr\/wp-json\/wp\/v2\/media?parent=586"}],"wp:term":[{"taxonomy":"product_brand","embeddable":true,"href":"https:\/\/lotoplant.com\/fr\/wp-json\/wp\/v2\/product_brand?post=586"},{"taxonomy":"product_cat","embeddable":true,"href":"https:\/\/lotoplant.com\/fr\/wp-json\/wp\/v2\/product_cat?post=586"},{"taxonomy":"product_tag","embeddable":true,"href":"https:\/\/lotoplant.com\/fr\/wp-json\/wp\/v2\/product_tag?post=586"}],"curies":[{"name":"wp","href":"https:\/\/api.w.org\/{rel}","templated":true}]}}