{"id":585,"date":"2021-04-16T12:00:15","date_gmt":"2021-04-20T09:55:36","guid":{"rendered":"http:\/\/lotoplant.com\/producto\/semelle-m588\/"},"modified":"2021-05-28T12:24:36","modified_gmt":"2021-05-28T10:24:36","slug":"semelle-m588","status":"publish","type":"product","link":"https:\/\/lotoplant.com\/fr\/producto\/semelle-m588\/","title":{"rendered":"Semelle M588"},"content":{"rendered":"<p>Semelle pour hommes con\u00e7ue pour \u00e9viter toute pression sur le pied lors de la marche. Sa conception avec des formes circulaires sous la plante des pieds offre un confort dans chaque mouvement.<\/p>\n<p>Son poids moyen est d&rsquo;environ 175 g. Sa qualit\u00e9, gr\u00e2ce \u00e0 ses mat\u00e9riaux, est irr\u00e9prochable. Disponible de la taille 39 \u00e0 48.<\/p>\n","protected":false},"excerpt":{"rendered":"<p>Semelle pour hommes con\u00e7ue pour \u00e9viter toute pression sur le pied lors de la marche. Sa conception avec des formes circulaires sous la plante des pieds offre un confort dans chaque mouvement. Son poids moyen est d&rsquo;environ 175 g. Sa qualit\u00e9, gr\u00e2ce \u00e0 ses mat\u00e9riaux, est irr\u00e9prochable. Disponible de la taille 39 \u00e0 48.<\/p>\n","protected":false},"featured_media":846,"comment_status":"open","ping_status":"closed","template":"","meta":{"_acf_changed":false,"_et_pb_use_builder":"","_et_pb_old_content":"","_et_gb_content_width":""},"product_brand":[],"product_cat":[44,53],"product_tag":[],"class_list":{"0":"post-585","1":"product","2":"type-product","3":"status-publish","4":"has-post-thumbnail","6":"product_cat-homme","7":"product_cat-semelles","9":"first","10":"instock","11":"shipping-taxable","12":"product-type-simple"},"acf":[],"_links":{"self":[{"href":"https:\/\/lotoplant.com\/fr\/wp-json\/wp\/v2\/product\/585","targetHints":{"allow":["GET"]}}],"collection":[{"href":"https:\/\/lotoplant.com\/fr\/wp-json\/wp\/v2\/product"}],"about":[{"href":"https:\/\/lotoplant.com\/fr\/wp-json\/wp\/v2\/types\/product"}],"replies":[{"embeddable":true,"href":"https:\/\/lotoplant.com\/fr\/wp-json\/wp\/v2\/comments?post=585"}],"wp:featuredmedia":[{"embeddable":true,"href":"https:\/\/lotoplant.com\/fr\/wp-json\/wp\/v2\/media\/846"}],"wp:attachment":[{"href":"https:\/\/lotoplant.com\/fr\/wp-json\/wp\/v2\/media?parent=585"}],"wp:term":[{"taxonomy":"product_brand","embeddable":true,"href":"https:\/\/lotoplant.com\/fr\/wp-json\/wp\/v2\/product_brand?post=585"},{"taxonomy":"product_cat","embeddable":true,"href":"https:\/\/lotoplant.com\/fr\/wp-json\/wp\/v2\/product_cat?post=585"},{"taxonomy":"product_tag","embeddable":true,"href":"https:\/\/lotoplant.com\/fr\/wp-json\/wp\/v2\/product_tag?post=585"}],"curies":[{"name":"wp","href":"https:\/\/api.w.org\/{rel}","templated":true}]}}