{"id":584,"date":"2021-04-16T12:02:52","date_gmt":"2021-04-20T09:54:01","guid":{"rendered":"http:\/\/lotoplant.com\/producto\/semelle-m15\/"},"modified":"2021-05-28T12:24:20","modified_gmt":"2021-05-28T10:24:20","slug":"semelle-m15","status":"publish","type":"product","link":"https:\/\/lotoplant.com\/fr\/producto\/semelle-m15\/","title":{"rendered":"Semelle M15"},"content":{"rendered":"<div class=\"col-sm-12 col-md-5\">\n<div class=\"scrollmagic-pin-spacer\" data-scrollmagic-pin-spacer=\"\">\n<div class=\"portfolio-item-content affixcontent\">\n<div class=\"portfolio-item-desc\">\n<div class=\"portfolio-item-desc-inner \" data-collapse-at=\"150\">\n<p>Semelle pour hommes et femmes avec un design anatomique et un poids de 140 g.<\/p>\n<p>C&rsquo;est l&rsquo;un de nos mod\u00e8les les plus demand\u00e9s gr\u00e2ce \u00e0 sa qualit\u00e9, sa polyvalence et son confort absolu. Avec elle, la marche sera toujours de premier choix. Disponible de la taille 35 \u00e0 50.<\/p>\n<\/div>\n<\/div>\n<div class=\"portfolio-item-otherdetails clearfix\"><\/div>\n<\/div>\n<\/div>\n<\/div>\n<div class=\"col-sm-12 col-md-7\">\n<div class=\"img-full portfolio-item-right mfp-gallery mfp-gallery--misc\"><\/div>\n<\/div>\n","protected":false},"excerpt":{"rendered":"<p>Semelle pour hommes et femmes avec un design anatomique et un poids de 140 g. C&rsquo;est l&rsquo;un de nos mod\u00e8les les plus demand\u00e9s gr\u00e2ce \u00e0 sa qualit\u00e9, sa polyvalence et son confort absolu. Avec elle, la marche sera toujours de premier choix. Disponible de la taille 35 \u00e0 50.<\/p>\n","protected":false},"featured_media":838,"comment_status":"open","ping_status":"closed","template":"","meta":{"_acf_changed":false,"_et_pb_use_builder":"","_et_pb_old_content":"","_et_gb_content_width":""},"product_brand":[],"product_cat":[47,44,53],"product_tag":[],"class_list":{"0":"post-584","1":"product","2":"type-product","3":"status-publish","4":"has-post-thumbnail","6":"product_cat-femme","7":"product_cat-homme","8":"product_cat-semelles","10":"first","11":"instock","12":"shipping-taxable","13":"product-type-simple"},"acf":[],"_links":{"self":[{"href":"https:\/\/lotoplant.com\/fr\/wp-json\/wp\/v2\/product\/584","targetHints":{"allow":["GET"]}}],"collection":[{"href":"https:\/\/lotoplant.com\/fr\/wp-json\/wp\/v2\/product"}],"about":[{"href":"https:\/\/lotoplant.com\/fr\/wp-json\/wp\/v2\/types\/product"}],"replies":[{"embeddable":true,"href":"https:\/\/lotoplant.com\/fr\/wp-json\/wp\/v2\/comments?post=584"}],"wp:featuredmedia":[{"embeddable":true,"href":"https:\/\/lotoplant.com\/fr\/wp-json\/wp\/v2\/media\/838"}],"wp:attachment":[{"href":"https:\/\/lotoplant.com\/fr\/wp-json\/wp\/v2\/media?parent=584"}],"wp:term":[{"taxonomy":"product_brand","embeddable":true,"href":"https:\/\/lotoplant.com\/fr\/wp-json\/wp\/v2\/product_brand?post=584"},{"taxonomy":"product_cat","embeddable":true,"href":"https:\/\/lotoplant.com\/fr\/wp-json\/wp\/v2\/product_cat?post=584"},{"taxonomy":"product_tag","embeddable":true,"href":"https:\/\/lotoplant.com\/fr\/wp-json\/wp\/v2\/product_tag?post=584"}],"curies":[{"name":"wp","href":"https:\/\/api.w.org\/{rel}","templated":true}]}}