{"id":583,"date":"2021-04-16T12:05:25","date_gmt":"2021-04-20T09:52:06","guid":{"rendered":"http:\/\/lotoplant.com\/producto\/semelle-erika\/"},"modified":"2021-05-28T12:24:08","modified_gmt":"2021-05-28T10:24:08","slug":"semelle-erika","status":"publish","type":"product","link":"https:\/\/lotoplant.com\/fr\/producto\/semelle-erika\/","title":{"rendered":"Semelle Erika"},"content":{"rendered":"<div class=\"col-sm-12 col-md-5\">\n<div class=\"scrollmagic-pin-spacer\" data-scrollmagic-pin-spacer=\"\">\n<div class=\"portfolio-item-content affixcontent\">\n<div class=\"portfolio-item-desc\">\n<div class=\"portfolio-item-desc-inner \" data-collapse-at=\"150\">\n<p>Semelle pour femmes, parfaite pour les chaussures \u00e0 semelles compens\u00e9es. Avec seulement 90 g, il devient l&rsquo;un des mod\u00e8les les plus l\u00e9gers de notre catalogue.<\/p>\n<p>Sa courbure soutient \u00e0 la perfection la hauteur. Solide, durable et flexible. Disponible de la taille 36 \u00e0 42.<\/p>\n<\/div>\n<\/div>\n<\/div>\n<\/div>\n<\/div>\n","protected":false},"excerpt":{"rendered":"<p>Semelle pour femmes, parfaite pour les chaussures \u00e0 semelles compens\u00e9es. Avec seulement 90 g, il devient l&rsquo;un des mod\u00e8les les plus l\u00e9gers de notre catalogue. Sa courbure soutient \u00e0 la perfection la hauteur. Solide, durable et flexible. Disponible de la taille 36 \u00e0 42.<\/p>\n","protected":false},"featured_media":830,"comment_status":"open","ping_status":"closed","template":"","meta":{"_acf_changed":false,"_et_pb_use_builder":"","_et_pb_old_content":"","_et_gb_content_width":""},"product_brand":[],"product_cat":[47,53],"product_tag":[],"class_list":{"0":"post-583","1":"product","2":"type-product","3":"status-publish","4":"has-post-thumbnail","6":"product_cat-femme","7":"product_cat-semelles","9":"first","10":"instock","11":"shipping-taxable","12":"product-type-simple"},"acf":[],"_links":{"self":[{"href":"https:\/\/lotoplant.com\/fr\/wp-json\/wp\/v2\/product\/583","targetHints":{"allow":["GET"]}}],"collection":[{"href":"https:\/\/lotoplant.com\/fr\/wp-json\/wp\/v2\/product"}],"about":[{"href":"https:\/\/lotoplant.com\/fr\/wp-json\/wp\/v2\/types\/product"}],"replies":[{"embeddable":true,"href":"https:\/\/lotoplant.com\/fr\/wp-json\/wp\/v2\/comments?post=583"}],"wp:featuredmedia":[{"embeddable":true,"href":"https:\/\/lotoplant.com\/fr\/wp-json\/wp\/v2\/media\/830"}],"wp:attachment":[{"href":"https:\/\/lotoplant.com\/fr\/wp-json\/wp\/v2\/media?parent=583"}],"wp:term":[{"taxonomy":"product_brand","embeddable":true,"href":"https:\/\/lotoplant.com\/fr\/wp-json\/wp\/v2\/product_brand?post=583"},{"taxonomy":"product_cat","embeddable":true,"href":"https:\/\/lotoplant.com\/fr\/wp-json\/wp\/v2\/product_cat?post=583"},{"taxonomy":"product_tag","embeddable":true,"href":"https:\/\/lotoplant.com\/fr\/wp-json\/wp\/v2\/product_tag?post=583"}],"curies":[{"name":"wp","href":"https:\/\/api.w.org\/{rel}","templated":true}]}}