{"id":582,"date":"2021-04-16T12:08:07","date_gmt":"2021-04-20T09:50:47","guid":{"rendered":"http:\/\/lotoplant.com\/producto\/semelle-claudia\/"},"modified":"2021-05-28T12:24:01","modified_gmt":"2021-05-28T10:24:01","slug":"semelle-claudia","status":"publish","type":"product","link":"https:\/\/lotoplant.com\/fr\/producto\/semelle-claudia\/","title":{"rendered":"Semelle Claudia"},"content":{"rendered":"<div class=\"col-sm-12 col-md-5\">\n<div class=\"scrollmagic-pin-spacer\" data-scrollmagic-pin-spacer=\"\">\n<div class=\"portfolio-item-content affixcontent\">\n<div class=\"portfolio-item-desc\">\n<div class=\"portfolio-item-desc-inner \" data-collapse-at=\"150\">\n<p>Semelle extr\u00eamement l\u00e9g\u00e8re pour femmes, adapt\u00e9e aux sandales et aux chaussures plates.<\/p>\n<p>Son poids de 85 g. est l&rsquo;une de ses principales vertus. Son confort de marche, la qualit\u00e9 de ses mat\u00e9riaux et son design en font toujours un bon choix. Disponible de la taille 36 \u00e0 42.<\/p>\n<\/div>\n<\/div>\n<\/div>\n<\/div>\n<\/div>\n","protected":false},"excerpt":{"rendered":"<p>Semelle extr\u00eamement l\u00e9g\u00e8re pour femmes, adapt\u00e9e aux sandales et aux chaussures plates. Son poids de 85 g. est l&rsquo;une de ses principales vertus. Son confort de marche, la qualit\u00e9 de ses mat\u00e9riaux et son design en font toujours un bon choix. Disponible de la taille 36 \u00e0 42.<\/p>\n","protected":false},"featured_media":825,"comment_status":"open","ping_status":"closed","template":"","meta":{"_acf_changed":false,"_et_pb_use_builder":"","_et_pb_old_content":"","_et_gb_content_width":""},"product_brand":[],"product_cat":[47,53],"product_tag":[],"class_list":{"0":"post-582","1":"product","2":"type-product","3":"status-publish","4":"has-post-thumbnail","6":"product_cat-femme","7":"product_cat-semelles","9":"first","10":"instock","11":"shipping-taxable","12":"product-type-simple"},"acf":[],"_links":{"self":[{"href":"https:\/\/lotoplant.com\/fr\/wp-json\/wp\/v2\/product\/582","targetHints":{"allow":["GET"]}}],"collection":[{"href":"https:\/\/lotoplant.com\/fr\/wp-json\/wp\/v2\/product"}],"about":[{"href":"https:\/\/lotoplant.com\/fr\/wp-json\/wp\/v2\/types\/product"}],"replies":[{"embeddable":true,"href":"https:\/\/lotoplant.com\/fr\/wp-json\/wp\/v2\/comments?post=582"}],"wp:featuredmedia":[{"embeddable":true,"href":"https:\/\/lotoplant.com\/fr\/wp-json\/wp\/v2\/media\/825"}],"wp:attachment":[{"href":"https:\/\/lotoplant.com\/fr\/wp-json\/wp\/v2\/media?parent=582"}],"wp:term":[{"taxonomy":"product_brand","embeddable":true,"href":"https:\/\/lotoplant.com\/fr\/wp-json\/wp\/v2\/product_brand?post=582"},{"taxonomy":"product_cat","embeddable":true,"href":"https:\/\/lotoplant.com\/fr\/wp-json\/wp\/v2\/product_cat?post=582"},{"taxonomy":"product_tag","embeddable":true,"href":"https:\/\/lotoplant.com\/fr\/wp-json\/wp\/v2\/product_tag?post=582"}],"curies":[{"name":"wp","href":"https:\/\/api.w.org\/{rel}","templated":true}]}}