{"id":580,"date":"2021-04-16T12:13:39","date_gmt":"2021-04-20T09:48:42","guid":{"rendered":"http:\/\/lotoplant.com\/producto\/semelle-1403\/"},"modified":"2021-05-28T12:23:12","modified_gmt":"2021-05-28T10:23:12","slug":"semelle-1403","status":"publish","type":"product","link":"https:\/\/lotoplant.com\/fr\/producto\/semelle-1403\/","title":{"rendered":"Semelle 1403"},"content":{"rendered":"<div class=\"col-sm-12 col-md-5\">\n<div class=\"scrollmagic-pin-spacer\" data-scrollmagic-pin-spacer=\"\">\n<div class=\"portfolio-item-content affixcontent\">\n<div class=\"portfolio-item-desc\">\n<div class=\"portfolio-item-desc-inner \" data-collapse-at=\"150\">\n<p>Semelle pour femme con\u00e7ue avec un dessin anatomique et un poids de 145 g.<\/p>\n<p>Parfait pour les mod\u00e8les compens\u00e9s et extr\u00eamement confortable malgr\u00e9 sa l\u00e9g\u00e8re \u00e9l\u00e9vation. Fabriqu\u00e9 avec les meilleurs mat\u00e9riaux, toujours \u00e0 la recherche de qualit\u00e9 et de durabilit\u00e9. Disponible de la taille 36 \u00e0 42.<\/p>\n<\/div>\n<\/div>\n<\/div>\n<\/div>\n<\/div>\n","protected":false},"excerpt":{"rendered":"<p>Semelle pour femme con\u00e7ue avec un dessin anatomique et un poids de 145 g. Parfait pour les mod\u00e8les compens\u00e9s et extr\u00eamement confortable malgr\u00e9 sa l\u00e9g\u00e8re \u00e9l\u00e9vation. Fabriqu\u00e9 avec les meilleurs mat\u00e9riaux, toujours \u00e0 la recherche de qualit\u00e9 et de durabilit\u00e9. Disponible de la taille 36 \u00e0 42.<\/p>\n","protected":false},"featured_media":817,"comment_status":"open","ping_status":"closed","template":"","meta":{"_acf_changed":false,"_et_pb_use_builder":"","_et_pb_old_content":"","_et_gb_content_width":""},"product_brand":[],"product_cat":[47,53],"product_tag":[],"class_list":{"0":"post-580","1":"product","2":"type-product","3":"status-publish","4":"has-post-thumbnail","6":"product_cat-femme","7":"product_cat-semelles","9":"first","10":"instock","11":"shipping-taxable","12":"product-type-simple"},"acf":[],"_links":{"self":[{"href":"https:\/\/lotoplant.com\/fr\/wp-json\/wp\/v2\/product\/580","targetHints":{"allow":["GET"]}}],"collection":[{"href":"https:\/\/lotoplant.com\/fr\/wp-json\/wp\/v2\/product"}],"about":[{"href":"https:\/\/lotoplant.com\/fr\/wp-json\/wp\/v2\/types\/product"}],"replies":[{"embeddable":true,"href":"https:\/\/lotoplant.com\/fr\/wp-json\/wp\/v2\/comments?post=580"}],"wp:featuredmedia":[{"embeddable":true,"href":"https:\/\/lotoplant.com\/fr\/wp-json\/wp\/v2\/media\/817"}],"wp:attachment":[{"href":"https:\/\/lotoplant.com\/fr\/wp-json\/wp\/v2\/media?parent=580"}],"wp:term":[{"taxonomy":"product_brand","embeddable":true,"href":"https:\/\/lotoplant.com\/fr\/wp-json\/wp\/v2\/product_brand?post=580"},{"taxonomy":"product_cat","embeddable":true,"href":"https:\/\/lotoplant.com\/fr\/wp-json\/wp\/v2\/product_cat?post=580"},{"taxonomy":"product_tag","embeddable":true,"href":"https:\/\/lotoplant.com\/fr\/wp-json\/wp\/v2\/product_tag?post=580"}],"curies":[{"name":"wp","href":"https:\/\/api.w.org\/{rel}","templated":true}]}}