{"id":579,"date":"2021-04-16T12:15:54","date_gmt":"2021-04-20T09:47:36","guid":{"rendered":"http:\/\/lotoplant.com\/producto\/semelle-722\/"},"modified":"2021-05-28T12:22:56","modified_gmt":"2021-05-28T10:22:56","slug":"semelle-722","status":"publish","type":"product","link":"https:\/\/lotoplant.com\/fr\/producto\/semelle-722\/","title":{"rendered":"Semelle 722"},"content":{"rendered":"<div class=\"col-sm-12 col-md-5\">\n<div class=\"scrollmagic-pin-spacer\" data-scrollmagic-pin-spacer=\"\">\n<div class=\"portfolio-item-content affixcontent\">\n<div class=\"portfolio-item-desc\">\n<div class=\"portfolio-item-desc-inner \" data-collapse-at=\"150\">\n<p>Semelle pour femme de 135 g. fabriqu\u00e9e dans des mat\u00e9riaux qui apportent l\u00e9g\u00e8ret\u00e9 et souplesse \u00e0 chaque pas.<\/p>\n<p>Son design original, imitant l&#8217;empreinte du pied, en fait le mod\u00e8le parfait pour cr\u00e9er des chaussures originales. Disponible de la taille 36 \u00e0 42.<\/p>\n<\/div>\n<\/div>\n<\/div>\n<\/div>\n<\/div>\n","protected":false},"excerpt":{"rendered":"<p>Semelle pour femme de 135 g. fabriqu\u00e9e dans des mat\u00e9riaux qui apportent l\u00e9g\u00e8ret\u00e9 et souplesse \u00e0 chaque pas. Son design original, imitant l&#8217;empreinte du pied, en fait le mod\u00e8le parfait pour cr\u00e9er des chaussures originales. Disponible de la taille 36 \u00e0 42.<\/p>\n","protected":false},"featured_media":813,"comment_status":"open","ping_status":"closed","template":"","meta":{"_acf_changed":false,"_et_pb_use_builder":"","_et_pb_old_content":"","_et_gb_content_width":""},"product_brand":[],"product_cat":[47,53],"product_tag":[],"class_list":{"0":"post-579","1":"product","2":"type-product","3":"status-publish","4":"has-post-thumbnail","6":"product_cat-femme","7":"product_cat-semelles","9":"first","10":"instock","11":"shipping-taxable","12":"product-type-simple"},"acf":[],"_links":{"self":[{"href":"https:\/\/lotoplant.com\/fr\/wp-json\/wp\/v2\/product\/579","targetHints":{"allow":["GET"]}}],"collection":[{"href":"https:\/\/lotoplant.com\/fr\/wp-json\/wp\/v2\/product"}],"about":[{"href":"https:\/\/lotoplant.com\/fr\/wp-json\/wp\/v2\/types\/product"}],"replies":[{"embeddable":true,"href":"https:\/\/lotoplant.com\/fr\/wp-json\/wp\/v2\/comments?post=579"}],"wp:featuredmedia":[{"embeddable":true,"href":"https:\/\/lotoplant.com\/fr\/wp-json\/wp\/v2\/media\/813"}],"wp:attachment":[{"href":"https:\/\/lotoplant.com\/fr\/wp-json\/wp\/v2\/media?parent=579"}],"wp:term":[{"taxonomy":"product_brand","embeddable":true,"href":"https:\/\/lotoplant.com\/fr\/wp-json\/wp\/v2\/product_brand?post=579"},{"taxonomy":"product_cat","embeddable":true,"href":"https:\/\/lotoplant.com\/fr\/wp-json\/wp\/v2\/product_cat?post=579"},{"taxonomy":"product_tag","embeddable":true,"href":"https:\/\/lotoplant.com\/fr\/wp-json\/wp\/v2\/product_tag?post=579"}],"curies":[{"name":"wp","href":"https:\/\/api.w.org\/{rel}","templated":true}]}}