{"id":578,"date":"2021-04-16T12:17:38","date_gmt":"2021-04-20T09:46:04","guid":{"rendered":"http:\/\/lotoplant.com\/producto\/semelle-686\/"},"modified":"2021-05-28T12:22:52","modified_gmt":"2021-05-28T10:22:52","slug":"semelle-686","status":"publish","type":"product","link":"https:\/\/lotoplant.com\/fr\/producto\/semelle-686\/","title":{"rendered":"Semelle 686"},"content":{"rendered":"<div class=\"col-sm-12 col-md-5\">\n<div class=\"scrollmagic-pin-spacer\" data-scrollmagic-pin-spacer=\"\">\n<div class=\"portfolio-item-content affixcontent\">\n<div class=\"portfolio-item-desc\">\n<div class=\"portfolio-item-desc-inner \" data-collapse-at=\"150\">\n<p>Semelle pour femme qui, gr\u00e2ce \u00e0 son design anatomique, s&rsquo;adapte parfaitement aux contours du pied.<\/p>\n<p>Sa l\u00e9g\u00e8ret\u00e9, gr\u00e2ce \u00e0 ses 130 g. sa polyvalence, pour s&rsquo;adapter \u00e0 n&rsquo;importe quel design, et son confort, sont un \u00e9l\u00e9ment essentiel de ce mod\u00e8le. Disponible de la taille 36 \u00e0 42.<\/p>\n<\/div>\n<\/div>\n<\/div>\n<\/div>\n<\/div>\n","protected":false},"excerpt":{"rendered":"<p>Semelle pour femme qui, gr\u00e2ce \u00e0 son design anatomique, s&rsquo;adapte parfaitement aux contours du pied. Sa l\u00e9g\u00e8ret\u00e9, gr\u00e2ce \u00e0 ses 130 g. sa polyvalence, pour s&rsquo;adapter \u00e0 n&rsquo;importe quel design, et son confort, sont un \u00e9l\u00e9ment essentiel de ce mod\u00e8le. Disponible de la taille 36 \u00e0 42.<\/p>\n","protected":false},"featured_media":809,"comment_status":"open","ping_status":"closed","template":"","meta":{"_acf_changed":false,"_et_pb_use_builder":"","_et_pb_old_content":"","_et_gb_content_width":""},"product_brand":[],"product_cat":[47,53],"product_tag":[],"class_list":{"0":"post-578","1":"product","2":"type-product","3":"status-publish","4":"has-post-thumbnail","6":"product_cat-femme","7":"product_cat-semelles","9":"first","10":"instock","11":"shipping-taxable","12":"product-type-simple"},"acf":[],"_links":{"self":[{"href":"https:\/\/lotoplant.com\/fr\/wp-json\/wp\/v2\/product\/578","targetHints":{"allow":["GET"]}}],"collection":[{"href":"https:\/\/lotoplant.com\/fr\/wp-json\/wp\/v2\/product"}],"about":[{"href":"https:\/\/lotoplant.com\/fr\/wp-json\/wp\/v2\/types\/product"}],"replies":[{"embeddable":true,"href":"https:\/\/lotoplant.com\/fr\/wp-json\/wp\/v2\/comments?post=578"}],"wp:featuredmedia":[{"embeddable":true,"href":"https:\/\/lotoplant.com\/fr\/wp-json\/wp\/v2\/media\/809"}],"wp:attachment":[{"href":"https:\/\/lotoplant.com\/fr\/wp-json\/wp\/v2\/media?parent=578"}],"wp:term":[{"taxonomy":"product_brand","embeddable":true,"href":"https:\/\/lotoplant.com\/fr\/wp-json\/wp\/v2\/product_brand?post=578"},{"taxonomy":"product_cat","embeddable":true,"href":"https:\/\/lotoplant.com\/fr\/wp-json\/wp\/v2\/product_cat?post=578"},{"taxonomy":"product_tag","embeddable":true,"href":"https:\/\/lotoplant.com\/fr\/wp-json\/wp\/v2\/product_tag?post=578"}],"curies":[{"name":"wp","href":"https:\/\/api.w.org\/{rel}","templated":true}]}}