{"id":577,"date":"2021-04-16T12:19:22","date_gmt":"2021-04-20T09:44:33","guid":{"rendered":"http:\/\/lotoplant.com\/producto\/semelle-508\/"},"modified":"2021-05-28T12:22:37","modified_gmt":"2021-05-28T10:22:37","slug":"semelle-508","status":"publish","type":"product","link":"https:\/\/lotoplant.com\/fr\/producto\/semelle-508\/","title":{"rendered":"Semelle 508"},"content":{"rendered":"<div class=\"col-sm-12 col-md-5\">\n<div class=\"scrollmagic-pin-spacer\" data-scrollmagic-pin-spacer=\"\">\n<div class=\"portfolio-item-content affixcontent\">\n<div class=\"portfolio-item-desc\">\n<div class=\"portfolio-item-desc-inner \" data-collapse-at=\"150\">\n<p>Semelle pour femme con\u00e7ue avec une petite cale qui sur\u00e9l\u00e8ve l\u00e9g\u00e8rement le talon et procure un plus grand confort lors de la marche.<\/p>\n<p>Avec un poids de 155 g. une fabrication soign\u00e9e et la possibilit\u00e9 de s&rsquo;adapter \u00e0 tout mod\u00e8le cherchant une l\u00e9g\u00e8re hauteur. Disponible de la taille 36 \u00e0 43.<\/p>\n<\/div>\n<\/div>\n<\/div>\n<\/div>\n<\/div>\n","protected":false},"excerpt":{"rendered":"<p>Semelle pour femme con\u00e7ue avec une petite cale qui sur\u00e9l\u00e8ve l\u00e9g\u00e8rement le talon et procure un plus grand confort lors de la marche. Avec un poids de 155 g. une fabrication soign\u00e9e et la possibilit\u00e9 de s&rsquo;adapter \u00e0 tout mod\u00e8le cherchant une l\u00e9g\u00e8re hauteur. Disponible de la taille 36 \u00e0 43.<\/p>\n","protected":false},"featured_media":804,"comment_status":"open","ping_status":"closed","template":"","meta":{"_acf_changed":false,"_et_pb_use_builder":"","_et_pb_old_content":"","_et_gb_content_width":""},"product_brand":[],"product_cat":[47,53],"product_tag":[],"class_list":{"0":"post-577","1":"product","2":"type-product","3":"status-publish","4":"has-post-thumbnail","6":"product_cat-femme","7":"product_cat-semelles","9":"first","10":"instock","11":"shipping-taxable","12":"product-type-simple"},"acf":[],"_links":{"self":[{"href":"https:\/\/lotoplant.com\/fr\/wp-json\/wp\/v2\/product\/577","targetHints":{"allow":["GET"]}}],"collection":[{"href":"https:\/\/lotoplant.com\/fr\/wp-json\/wp\/v2\/product"}],"about":[{"href":"https:\/\/lotoplant.com\/fr\/wp-json\/wp\/v2\/types\/product"}],"replies":[{"embeddable":true,"href":"https:\/\/lotoplant.com\/fr\/wp-json\/wp\/v2\/comments?post=577"}],"wp:featuredmedia":[{"embeddable":true,"href":"https:\/\/lotoplant.com\/fr\/wp-json\/wp\/v2\/media\/804"}],"wp:attachment":[{"href":"https:\/\/lotoplant.com\/fr\/wp-json\/wp\/v2\/media?parent=577"}],"wp:term":[{"taxonomy":"product_brand","embeddable":true,"href":"https:\/\/lotoplant.com\/fr\/wp-json\/wp\/v2\/product_brand?post=577"},{"taxonomy":"product_cat","embeddable":true,"href":"https:\/\/lotoplant.com\/fr\/wp-json\/wp\/v2\/product_cat?post=577"},{"taxonomy":"product_tag","embeddable":true,"href":"https:\/\/lotoplant.com\/fr\/wp-json\/wp\/v2\/product_tag?post=577"}],"curies":[{"name":"wp","href":"https:\/\/api.w.org\/{rel}","templated":true}]}}