{"id":576,"date":"2021-04-16T12:20:40","date_gmt":"2021-04-20T09:43:37","guid":{"rendered":"http:\/\/lotoplant.com\/producto\/semelle-191\/"},"modified":"2021-05-28T12:22:30","modified_gmt":"2021-05-28T10:22:30","slug":"semelle-191","status":"publish","type":"product","link":"https:\/\/lotoplant.com\/fr\/producto\/semelle-191\/","title":{"rendered":"Semelle 191"},"content":{"rendered":"<div class=\"col-sm-12 col-md-5\">\n<div class=\"scrollmagic-pin-spacer\" data-scrollmagic-pin-spacer=\"\">\n<div class=\"portfolio-item-content affixcontent\">\n<div class=\"portfolio-item-desc\">\n<div class=\"portfolio-item-desc-inner \" data-collapse-at=\"150\">\n<p>Semelle pour femmes, parfaite pour la fabrication de mod\u00e8les compens\u00e9s.<\/p>\n<p>Il s\u2019agit d\u2019une option au design \u00e9l\u00e9gant et extr\u00eamement confortable. 170 g. de poids et de l\u00e9g\u00e8ret\u00e9 \u00e0 la marche malgr\u00e9 sa hauteur. Votre confort se manifestera dans chacun de vos mouvements. Disponible de la taille 36 \u00e0 42.<\/p>\n<\/div>\n<\/div>\n<\/div>\n<\/div>\n<\/div>\n","protected":false},"excerpt":{"rendered":"<p>Semelle pour femmes, parfaite pour la fabrication de mod\u00e8les compens\u00e9s. Il s\u2019agit d\u2019une option au design \u00e9l\u00e9gant et extr\u00eamement confortable. 170 g. de poids et de l\u00e9g\u00e8ret\u00e9 \u00e0 la marche malgr\u00e9 sa hauteur. Votre confort se manifestera dans chacun de vos mouvements. Disponible de la taille 36 \u00e0 42.<\/p>\n","protected":false},"featured_media":893,"comment_status":"open","ping_status":"closed","template":"","meta":{"_acf_changed":false,"_et_pb_use_builder":"","_et_pb_old_content":"","_et_gb_content_width":""},"product_brand":[],"product_cat":[47,53],"product_tag":[],"class_list":{"0":"post-576","1":"product","2":"type-product","3":"status-publish","4":"has-post-thumbnail","6":"product_cat-femme","7":"product_cat-semelles","9":"first","10":"instock","11":"shipping-taxable","12":"product-type-simple"},"acf":[],"_links":{"self":[{"href":"https:\/\/lotoplant.com\/fr\/wp-json\/wp\/v2\/product\/576","targetHints":{"allow":["GET"]}}],"collection":[{"href":"https:\/\/lotoplant.com\/fr\/wp-json\/wp\/v2\/product"}],"about":[{"href":"https:\/\/lotoplant.com\/fr\/wp-json\/wp\/v2\/types\/product"}],"replies":[{"embeddable":true,"href":"https:\/\/lotoplant.com\/fr\/wp-json\/wp\/v2\/comments?post=576"}],"wp:featuredmedia":[{"embeddable":true,"href":"https:\/\/lotoplant.com\/fr\/wp-json\/wp\/v2\/media\/893"}],"wp:attachment":[{"href":"https:\/\/lotoplant.com\/fr\/wp-json\/wp\/v2\/media?parent=576"}],"wp:term":[{"taxonomy":"product_brand","embeddable":true,"href":"https:\/\/lotoplant.com\/fr\/wp-json\/wp\/v2\/product_brand?post=576"},{"taxonomy":"product_cat","embeddable":true,"href":"https:\/\/lotoplant.com\/fr\/wp-json\/wp\/v2\/product_cat?post=576"},{"taxonomy":"product_tag","embeddable":true,"href":"https:\/\/lotoplant.com\/fr\/wp-json\/wp\/v2\/product_tag?post=576"}],"curies":[{"name":"wp","href":"https:\/\/api.w.org\/{rel}","templated":true}]}}