{"id":575,"date":"2021-04-16T12:33:40","date_gmt":"2021-04-20T09:42:32","guid":{"rendered":"http:\/\/lotoplant.com\/producto\/semelle-187\/"},"modified":"2021-05-28T12:21:45","modified_gmt":"2021-05-28T10:21:45","slug":"semelle-187","status":"publish","type":"product","link":"https:\/\/lotoplant.com\/fr\/producto\/semelle-187\/","title":{"rendered":"Semelle 187"},"content":{"rendered":"<div class=\"col-sm-12 col-md-5\">\n<div class=\"scrollmagic-pin-spacer\" data-scrollmagic-pin-spacer=\"\">\n<div class=\"portfolio-item-content affixcontent\">\n<div class=\"portfolio-item-desc\">\n<div class=\"portfolio-item-desc-inner \" data-collapse-at=\"150\">\n<p>Semelle pour femme con\u00e7ue exclusivement pour les chaussures \u00e0 semelle compens\u00e9e.<\/p>\n<p>Son poids de 75 g. en fait le mod\u00e8le le plus l\u00e9ger de notre catalogue. Fabriqu\u00e9 avec des mat\u00e9riaux de haute qualit\u00e9 et adapt\u00e9 pour marcher toujours avec confort. Disponible de la taille 36 \u00e0 42.<\/p>\n<\/div>\n<\/div>\n<\/div>\n<\/div>\n<\/div>\n","protected":false},"excerpt":{"rendered":"<p>Semelle pour femme con\u00e7ue exclusivement pour les chaussures \u00e0 semelle compens\u00e9e. Son poids de 75 g. en fait le mod\u00e8le le plus l\u00e9ger de notre catalogue. Fabriqu\u00e9 avec des mat\u00e9riaux de haute qualit\u00e9 et adapt\u00e9 pour marcher toujours avec confort. Disponible de la taille 36 \u00e0 42.<\/p>\n","protected":false},"featured_media":800,"comment_status":"open","ping_status":"closed","template":"","meta":{"_acf_changed":false,"_et_pb_use_builder":"","_et_pb_old_content":"","_et_gb_content_width":""},"product_brand":[],"product_cat":[47,53],"product_tag":[],"class_list":{"0":"post-575","1":"product","2":"type-product","3":"status-publish","4":"has-post-thumbnail","6":"product_cat-femme","7":"product_cat-semelles","9":"first","10":"instock","11":"shipping-taxable","12":"product-type-simple"},"acf":[],"_links":{"self":[{"href":"https:\/\/lotoplant.com\/fr\/wp-json\/wp\/v2\/product\/575","targetHints":{"allow":["GET"]}}],"collection":[{"href":"https:\/\/lotoplant.com\/fr\/wp-json\/wp\/v2\/product"}],"about":[{"href":"https:\/\/lotoplant.com\/fr\/wp-json\/wp\/v2\/types\/product"}],"replies":[{"embeddable":true,"href":"https:\/\/lotoplant.com\/fr\/wp-json\/wp\/v2\/comments?post=575"}],"wp:featuredmedia":[{"embeddable":true,"href":"https:\/\/lotoplant.com\/fr\/wp-json\/wp\/v2\/media\/800"}],"wp:attachment":[{"href":"https:\/\/lotoplant.com\/fr\/wp-json\/wp\/v2\/media?parent=575"}],"wp:term":[{"taxonomy":"product_brand","embeddable":true,"href":"https:\/\/lotoplant.com\/fr\/wp-json\/wp\/v2\/product_brand?post=575"},{"taxonomy":"product_cat","embeddable":true,"href":"https:\/\/lotoplant.com\/fr\/wp-json\/wp\/v2\/product_cat?post=575"},{"taxonomy":"product_tag","embeddable":true,"href":"https:\/\/lotoplant.com\/fr\/wp-json\/wp\/v2\/product_tag?post=575"}],"curies":[{"name":"wp","href":"https:\/\/api.w.org\/{rel}","templated":true}]}}