{"id":1916,"date":"2022-05-31T10:03:41","date_gmt":"2022-06-03T10:46:10","guid":{"rendered":"http:\/\/lotoplant.com\/?post_type=product&#038;p=1916"},"modified":"2022-06-03T12:46:10","modified_gmt":"2022-06-03T10:46:10","slug":"semelle-183","status":"publish","type":"product","link":"https:\/\/lotoplant.com\/fr\/producto\/semelle-183\/","title":{"rendered":"Semelle 183"},"content":{"rendered":"<p>Semelle int\u00e9rieure \u00e0 mi-hauteur pour femme avec la pointe et le talon arrondis. Parfaite pour ajouter une touche subtile \u00e0 votre style.<\/p>\n<p>Ultral\u00e9g\u00e8re avec un poids d\u2019environ 125 g. et disponible de la taille 36 \u00e0 42.<\/p>\n","protected":false},"excerpt":{"rendered":"<p>Semelle int\u00e9rieure \u00e0 mi-hauteur pour femme avec la pointe et le talon arrondis. Parfaite pour ajouter une touche subtile \u00e0 votre style. Ultral\u00e9g\u00e8re avec un poids d\u2019environ 125 g. et disponible de la taille 36 \u00e0 42.<\/p>\n","protected":false},"featured_media":1752,"comment_status":"open","ping_status":"closed","template":"","meta":{"_acf_changed":false,"_et_pb_use_builder":"","_et_pb_old_content":"","_et_gb_content_width":""},"product_brand":[],"product_cat":[47,53],"product_tag":[],"class_list":{"0":"post-1916","1":"product","2":"type-product","3":"status-publish","4":"has-post-thumbnail","6":"product_cat-femme","7":"product_cat-semelles","9":"first","10":"instock","11":"shipping-taxable","12":"product-type-simple"},"acf":[],"_links":{"self":[{"href":"https:\/\/lotoplant.com\/fr\/wp-json\/wp\/v2\/product\/1916","targetHints":{"allow":["GET"]}}],"collection":[{"href":"https:\/\/lotoplant.com\/fr\/wp-json\/wp\/v2\/product"}],"about":[{"href":"https:\/\/lotoplant.com\/fr\/wp-json\/wp\/v2\/types\/product"}],"replies":[{"embeddable":true,"href":"https:\/\/lotoplant.com\/fr\/wp-json\/wp\/v2\/comments?post=1916"}],"wp:featuredmedia":[{"embeddable":true,"href":"https:\/\/lotoplant.com\/fr\/wp-json\/wp\/v2\/media\/1752"}],"wp:attachment":[{"href":"https:\/\/lotoplant.com\/fr\/wp-json\/wp\/v2\/media?parent=1916"}],"wp:term":[{"taxonomy":"product_brand","embeddable":true,"href":"https:\/\/lotoplant.com\/fr\/wp-json\/wp\/v2\/product_brand?post=1916"},{"taxonomy":"product_cat","embeddable":true,"href":"https:\/\/lotoplant.com\/fr\/wp-json\/wp\/v2\/product_cat?post=1916"},{"taxonomy":"product_tag","embeddable":true,"href":"https:\/\/lotoplant.com\/fr\/wp-json\/wp\/v2\/product_tag?post=1916"}],"curies":[{"name":"wp","href":"https:\/\/api.w.org\/{rel}","templated":true}]}}