{"id":1912,"date":"2022-05-31T15:09:43","date_gmt":"2022-06-03T10:42:14","guid":{"rendered":"http:\/\/lotoplant.com\/?post_type=product&#038;p=1912"},"modified":"2022-06-03T12:42:14","modified_gmt":"2022-06-03T10:42:14","slug":"semelle-modele-goleta","status":"publish","type":"product","link":"https:\/\/lotoplant.com\/fr\/producto\/semelle-modele-goleta\/","title":{"rendered":"Semelle mod\u00e8le Goleta"},"content":{"rendered":"<p>Semelle int\u00e9rieure anatomique Goleta pour femme. Con\u00e7u avec un style polyvalent qui s&rsquo;adapte \u00e0 toutes les chaussures. C&rsquo;est l&rsquo;un des mod\u00e8les les plus vendus de notre collection, pour son confort in\u00e9gal\u00e9.<\/p>\n<p>Elle p\u00e8se environ 160 g. et est disponible dans les tailles 36 \u00e0 42.<\/p>\n","protected":false},"excerpt":{"rendered":"<p>Semelle int\u00e9rieure anatomique Goleta pour femme. Con\u00e7u avec un style polyvalent qui s&rsquo;adapte \u00e0 toutes les chaussures. C&rsquo;est l&rsquo;un des mod\u00e8les les plus vendus de notre collection, pour son confort in\u00e9gal\u00e9. Elle p\u00e8se environ 160 g. et est disponible dans les tailles 36 \u00e0 42.<\/p>\n","protected":false},"featured_media":1835,"comment_status":"open","ping_status":"closed","template":"","meta":{"_acf_changed":false,"_et_pb_use_builder":"","_et_pb_old_content":"","_et_gb_content_width":""},"product_brand":[],"product_cat":[47,53],"product_tag":[],"class_list":{"0":"post-1912","1":"product","2":"type-product","3":"status-publish","4":"has-post-thumbnail","6":"product_cat-femme","7":"product_cat-semelles","9":"first","10":"instock","11":"shipping-taxable","12":"product-type-simple"},"acf":[],"_links":{"self":[{"href":"https:\/\/lotoplant.com\/fr\/wp-json\/wp\/v2\/product\/1912","targetHints":{"allow":["GET"]}}],"collection":[{"href":"https:\/\/lotoplant.com\/fr\/wp-json\/wp\/v2\/product"}],"about":[{"href":"https:\/\/lotoplant.com\/fr\/wp-json\/wp\/v2\/types\/product"}],"replies":[{"embeddable":true,"href":"https:\/\/lotoplant.com\/fr\/wp-json\/wp\/v2\/comments?post=1912"}],"wp:featuredmedia":[{"embeddable":true,"href":"https:\/\/lotoplant.com\/fr\/wp-json\/wp\/v2\/media\/1835"}],"wp:attachment":[{"href":"https:\/\/lotoplant.com\/fr\/wp-json\/wp\/v2\/media?parent=1912"}],"wp:term":[{"taxonomy":"product_brand","embeddable":true,"href":"https:\/\/lotoplant.com\/fr\/wp-json\/wp\/v2\/product_brand?post=1912"},{"taxonomy":"product_cat","embeddable":true,"href":"https:\/\/lotoplant.com\/fr\/wp-json\/wp\/v2\/product_cat?post=1912"},{"taxonomy":"product_tag","embeddable":true,"href":"https:\/\/lotoplant.com\/fr\/wp-json\/wp\/v2\/product_tag?post=1912"}],"curies":[{"name":"wp","href":"https:\/\/api.w.org\/{rel}","templated":true}]}}