{"id":941,"date":"2021-05-12T13:19:55","date_gmt":"2021-05-12T11:19:55","guid":{"rendered":"http:\/\/lotoplant.com\/?post_type=product&#038;p=941"},"modified":"2021-05-28T12:29:36","modified_gmt":"2021-05-28T10:29:36","slug":"einlegesohle-768","status":"publish","type":"product","link":"https:\/\/lotoplant.com\/de\/producto\/einlegesohle-768\/","title":{"rendered":"768 Einlegesohle"},"content":{"rendered":"<div class=\"col-sm-12 col-md-5\">\n<div class=\"scrollmagic-pin-spacer\" data-scrollmagic-pin-spacer=\"\">\n<div class=\"portfolio-item-content affixcontent\">\n<div class=\"portfolio-item-desc\">\n<div class=\"portfolio-item-desc-inner \" data-collapse-at=\"150\">\n<p>Einlegesohle f\u00fcr Damen mit anatomischer Form und elegantem Design.<\/p>\n<p>Es handelt sich um das Modell mit dem h\u00f6chsten Absatz in unserem Katalog, bietet aber dank seiner Materialien gleichzeitig angenehmen Komfort. 125 g Gewicht. Erh\u00e4ltlich ab Gr\u00f6\u00dfe 36 bis 42.<\/p>\n<\/div>\n<\/div>\n<\/div>\n<\/div>\n<\/div>\n","protected":false},"excerpt":{"rendered":"<p>Einlegesohle f\u00fcr Damen mit anatomischer Form und elegantem Design. Es handelt sich um das Modell mit dem h\u00f6chsten Absatz in unserem Katalog, bietet aber dank seiner Materialien gleichzeitig angenehmen Komfort. 125 g Gewicht. Erh\u00e4ltlich ab Gr\u00f6\u00dfe 36 bis 42.<\/p>\n","protected":false},"featured_media":955,"comment_status":"open","ping_status":"closed","template":"","meta":{"_acf_changed":false,"_et_pb_use_builder":"","_et_pb_old_content":"","_et_gb_content_width":""},"product_brand":[],"product_cat":[48,22,23,54],"product_tag":[],"class_list":{"0":"post-941","1":"product","2":"type-product","3":"status-publish","4":"has-post-thumbnail","6":"product_cat-frau","7":"product_cat-mujer","8":"product_cat-plantillas","9":"product_cat-schuheinlagen","11":"first","12":"instock","13":"shipping-taxable","14":"product-type-simple"},"acf":[],"_links":{"self":[{"href":"https:\/\/lotoplant.com\/de\/wp-json\/wp\/v2\/product\/941","targetHints":{"allow":["GET"]}}],"collection":[{"href":"https:\/\/lotoplant.com\/de\/wp-json\/wp\/v2\/product"}],"about":[{"href":"https:\/\/lotoplant.com\/de\/wp-json\/wp\/v2\/types\/product"}],"replies":[{"embeddable":true,"href":"https:\/\/lotoplant.com\/de\/wp-json\/wp\/v2\/comments?post=941"}],"wp:featuredmedia":[{"embeddable":true,"href":"https:\/\/lotoplant.com\/de\/wp-json\/wp\/v2\/media\/955"}],"wp:attachment":[{"href":"https:\/\/lotoplant.com\/de\/wp-json\/wp\/v2\/media?parent=941"}],"wp:term":[{"taxonomy":"product_brand","embeddable":true,"href":"https:\/\/lotoplant.com\/de\/wp-json\/wp\/v2\/product_brand?post=941"},{"taxonomy":"product_cat","embeddable":true,"href":"https:\/\/lotoplant.com\/de\/wp-json\/wp\/v2\/product_cat?post=941"},{"taxonomy":"product_tag","embeddable":true,"href":"https:\/\/lotoplant.com\/de\/wp-json\/wp\/v2\/product_tag?post=941"}],"curies":[{"name":"wp","href":"https:\/\/api.w.org\/{rel}","templated":true}]}}