{"id":909,"date":"2021-05-12T13:15:57","date_gmt":"2021-05-12T11:15:57","guid":{"rendered":"http:\/\/lotoplant.com\/?post_type=product&#038;p=909"},"modified":"2021-05-28T12:29:59","modified_gmt":"2021-05-28T10:29:59","slug":"einlegesohle-168","status":"publish","type":"product","link":"https:\/\/lotoplant.com\/de\/producto\/einlegesohle-168\/","title":{"rendered":"168 Einlegesohle"},"content":{"rendered":"<div class=\"col-sm-12 col-md-5\">\n<div class=\"scrollmagic-pin-spacer\" data-scrollmagic-pin-spacer=\"\">\n<div class=\"portfolio-item-content affixcontent\">\n<div class=\"portfolio-item-desc\">\n<div class=\"portfolio-item-desc-inner \" data-collapse-at=\"150\">\n<p>Einlegesohle f\u00fcr Damen mit anatomischem Design und einem Gewicht von 250 g.<\/p>\n<p>Diese Einlegesohle ist perfekt f\u00fcr Sandalen dank des eleganten und modernen Schnitts. Die 5,5 cm sind \u00fcberhaupt kein Hindernis. Unser Modell 168 ist so konzipiert, dass er Abs\u04d3tzen standh\u00e4lt. Erh\u00e4ltlich ab Gr\u00f6\u00dfe 35 bis 42.<\/p>\n<\/div>\n<\/div>\n<\/div>\n<\/div>\n<\/div>\n","protected":false},"excerpt":{"rendered":"<p>Einlegesohle f\u00fcr Damen mit anatomischem Design und einem Gewicht von 250 g. Diese Einlegesohle ist perfekt f\u00fcr Sandalen dank des eleganten und modernen Schnitts. Die 5,5 cm sind \u00fcberhaupt kein Hindernis. Unser Modell 168 ist so konzipiert, dass er Abs\u04d3tzen standh\u00e4lt. Erh\u00e4ltlich ab Gr\u00f6\u00dfe 35 bis 42.<\/p>\n","protected":false},"featured_media":923,"comment_status":"open","ping_status":"closed","template":"","meta":{"_acf_changed":false,"_et_pb_use_builder":"","_et_pb_old_content":"","_et_gb_content_width":""},"product_brand":[],"product_cat":[48,54],"product_tag":[],"class_list":{"0":"post-909","1":"product","2":"type-product","3":"status-publish","4":"has-post-thumbnail","6":"product_cat-frau","7":"product_cat-schuheinlagen","9":"first","10":"instock","11":"shipping-taxable","12":"product-type-simple"},"acf":[],"_links":{"self":[{"href":"https:\/\/lotoplant.com\/de\/wp-json\/wp\/v2\/product\/909","targetHints":{"allow":["GET"]}}],"collection":[{"href":"https:\/\/lotoplant.com\/de\/wp-json\/wp\/v2\/product"}],"about":[{"href":"https:\/\/lotoplant.com\/de\/wp-json\/wp\/v2\/types\/product"}],"replies":[{"embeddable":true,"href":"https:\/\/lotoplant.com\/de\/wp-json\/wp\/v2\/comments?post=909"}],"wp:featuredmedia":[{"embeddable":true,"href":"https:\/\/lotoplant.com\/de\/wp-json\/wp\/v2\/media\/923"}],"wp:attachment":[{"href":"https:\/\/lotoplant.com\/de\/wp-json\/wp\/v2\/media?parent=909"}],"wp:term":[{"taxonomy":"product_brand","embeddable":true,"href":"https:\/\/lotoplant.com\/de\/wp-json\/wp\/v2\/product_brand?post=909"},{"taxonomy":"product_cat","embeddable":true,"href":"https:\/\/lotoplant.com\/de\/wp-json\/wp\/v2\/product_cat?post=909"},{"taxonomy":"product_tag","embeddable":true,"href":"https:\/\/lotoplant.com\/de\/wp-json\/wp\/v2\/product_tag?post=909"}],"curies":[{"name":"wp","href":"https:\/\/api.w.org\/{rel}","templated":true}]}}