{"id":901,"date":"2021-05-12T12:55:16","date_gmt":"2021-05-12T10:55:17","guid":{"rendered":"http:\/\/lotoplant.com\/?post_type=product&#038;p=901"},"modified":"2021-05-28T12:30:30","modified_gmt":"2021-05-28T10:30:30","slug":"einlegesohle-105","status":"publish","type":"product","link":"https:\/\/lotoplant.com\/de\/producto\/einlegesohle-105\/","title":{"rendered":"105 Einlegesohle"},"content":{"rendered":"<div class=\"col-sm-12 col-md-5\">\n<div class=\"scrollmagic-pin-spacer\" data-scrollmagic-pin-spacer=\"\">\n<div class=\"portfolio-item-content affixcontent\">\n<div class=\"portfolio-item-desc\">\n<div class=\"portfolio-item-desc-inner \" data-collapse-at=\"150\">\n<p>Anatomische Einlegesohle f\u00fcr Damen in runder Form, die bei jedem Schritt ein schonendes Massage-Gef\u00fchl bewirkt.<\/p>\n<p>Dieses leichte Modell wiegt nur 100 g und verf\u00fcgt \u00fcber einen angenehmen Komfort dank seiner exklusiven Herstellung. Mit dieser Einlegesohle spazieren zu gehen wird ein Vergn\u00fcgen sein. Erh\u00e4ltlich ab Gr\u00f6\u00dfe 36 bis 42.<\/p>\n<\/div>\n<\/div>\n<\/div>\n<\/div>\n<\/div>\n","protected":false},"excerpt":{"rendered":"<p>Anatomische Einlegesohle f\u00fcr Damen in runder Form, die bei jedem Schritt ein schonendes Massage-Gef\u00fchl bewirkt. Dieses leichte Modell wiegt nur 100 g und verf\u00fcgt \u00fcber einen angenehmen Komfort dank seiner exklusiven Herstellung. Mit dieser Einlegesohle spazieren zu gehen wird ein Vergn\u00fcgen sein. Erh\u00e4ltlich ab Gr\u00f6\u00dfe 36 bis 42.<\/p>\n","protected":false},"featured_media":1023,"comment_status":"open","ping_status":"closed","template":"","meta":{"_acf_changed":false,"_et_pb_use_builder":"","_et_pb_old_content":"","_et_gb_content_width":""},"product_brand":[],"product_cat":[48,54],"product_tag":[],"class_list":{"0":"post-901","1":"product","2":"type-product","3":"status-publish","4":"has-post-thumbnail","6":"product_cat-frau","7":"product_cat-schuheinlagen","9":"first","10":"instock","11":"shipping-taxable","12":"product-type-simple"},"acf":[],"_links":{"self":[{"href":"https:\/\/lotoplant.com\/de\/wp-json\/wp\/v2\/product\/901","targetHints":{"allow":["GET"]}}],"collection":[{"href":"https:\/\/lotoplant.com\/de\/wp-json\/wp\/v2\/product"}],"about":[{"href":"https:\/\/lotoplant.com\/de\/wp-json\/wp\/v2\/types\/product"}],"replies":[{"embeddable":true,"href":"https:\/\/lotoplant.com\/de\/wp-json\/wp\/v2\/comments?post=901"}],"wp:featuredmedia":[{"embeddable":true,"href":"https:\/\/lotoplant.com\/de\/wp-json\/wp\/v2\/media\/1023"}],"wp:attachment":[{"href":"https:\/\/lotoplant.com\/de\/wp-json\/wp\/v2\/media?parent=901"}],"wp:term":[{"taxonomy":"product_brand","embeddable":true,"href":"https:\/\/lotoplant.com\/de\/wp-json\/wp\/v2\/product_brand?post=901"},{"taxonomy":"product_cat","embeddable":true,"href":"https:\/\/lotoplant.com\/de\/wp-json\/wp\/v2\/product_cat?post=901"},{"taxonomy":"product_tag","embeddable":true,"href":"https:\/\/lotoplant.com\/de\/wp-json\/wp\/v2\/product_tag?post=901"}],"curies":[{"name":"wp","href":"https:\/\/api.w.org\/{rel}","templated":true}]}}