{"id":661,"date":"2021-04-16T11:50:19","date_gmt":"2021-04-26T10:29:26","guid":{"rendered":"http:\/\/lotoplant.com\/producto\/m90-buttons-einlegesohlen\/"},"modified":"2021-05-28T12:32:36","modified_gmt":"2021-05-28T10:32:36","slug":"einlegesohlen-m90-buttons","status":"publish","type":"product","link":"https:\/\/lotoplant.com\/de\/producto\/einlegesohlen-m90-buttons\/","title":{"rendered":"M90 Buttons Einlegesohlen"},"content":{"rendered":"<p>Anatomische Einlegesohlen f\u00fcr Herren und Damen mit kreisf\u00f6rmigen Designs, die eine Art angenehme Massage an unseren F\u00fc\u00dfen bei jedem Schritt aus\u00fcben.<\/p>\n<p>Die 140 g an Gewicht machen sie zu einer leichten Einlegesohle mit extremen Komfort. Erh\u00e4ltlich ab Gr\u00f6\u00dfe 36 bis 46.<\/p>\n","protected":false},"excerpt":{"rendered":"<p>Anatomische Einlegesohlen f\u00fcr Herren und Damen mit kreisf\u00f6rmigen Designs, die eine Art angenehme Massage an unseren F\u00fc\u00dfen bei jedem Schritt aus\u00fcben. Die 140 g an Gewicht machen sie zu einer leichten Einlegesohle mit extremen Komfort. Erh\u00e4ltlich ab Gr\u00f6\u00dfe 36 bis 46.<\/p>\n","protected":false},"featured_media":851,"comment_status":"open","ping_status":"closed","template":"","meta":{"_acf_changed":false,"_et_pb_use_builder":"","_et_pb_old_content":"","_et_gb_content_width":""},"product_brand":[],"product_cat":[48,45,54],"product_tag":[],"class_list":{"0":"post-661","1":"product","2":"type-product","3":"status-publish","4":"has-post-thumbnail","6":"product_cat-frau","7":"product_cat-mann","8":"product_cat-schuheinlagen","10":"first","11":"instock","12":"shipping-taxable","13":"product-type-simple"},"acf":[],"_links":{"self":[{"href":"https:\/\/lotoplant.com\/de\/wp-json\/wp\/v2\/product\/661","targetHints":{"allow":["GET"]}}],"collection":[{"href":"https:\/\/lotoplant.com\/de\/wp-json\/wp\/v2\/product"}],"about":[{"href":"https:\/\/lotoplant.com\/de\/wp-json\/wp\/v2\/types\/product"}],"replies":[{"embeddable":true,"href":"https:\/\/lotoplant.com\/de\/wp-json\/wp\/v2\/comments?post=661"}],"wp:featuredmedia":[{"embeddable":true,"href":"https:\/\/lotoplant.com\/de\/wp-json\/wp\/v2\/media\/851"}],"wp:attachment":[{"href":"https:\/\/lotoplant.com\/de\/wp-json\/wp\/v2\/media?parent=661"}],"wp:term":[{"taxonomy":"product_brand","embeddable":true,"href":"https:\/\/lotoplant.com\/de\/wp-json\/wp\/v2\/product_brand?post=661"},{"taxonomy":"product_cat","embeddable":true,"href":"https:\/\/lotoplant.com\/de\/wp-json\/wp\/v2\/product_cat?post=661"},{"taxonomy":"product_tag","embeddable":true,"href":"https:\/\/lotoplant.com\/de\/wp-json\/wp\/v2\/product_tag?post=661"}],"curies":[{"name":"wp","href":"https:\/\/api.w.org\/{rel}","templated":true}]}}