{"id":660,"date":"2021-04-16T12:00:15","date_gmt":"2021-04-26T10:27:39","guid":{"rendered":"http:\/\/lotoplant.com\/producto\/m588-einlegesohlen\/"},"modified":"2021-05-28T12:32:27","modified_gmt":"2021-05-28T10:32:27","slug":"plantilla-m588","status":"publish","type":"product","link":"https:\/\/lotoplant.com\/de\/producto\/plantilla-m588\/","title":{"rendered":"M588 Einlegesohlen"},"content":{"rendered":"<p>Diese Herren-Einlegesohlen wurden entwickelt, um den Druck auf den Fu\u00df beim Gehen zu nehmen. Das kreisf\u00f6rmige Design sorgt f\u00fcr Komfort bei jeder Bewegung.<\/p>\n<p>Das Durchschnittsgewicht betr\u00e4gt ca. 175 g und die Qualit\u00e4t ist dank der Materialien einzigartig. Erh\u00e4ltlich ab Gr\u00f6\u00dfe 39 bis 48.<\/p>\n","protected":false},"excerpt":{"rendered":"<p>Diese Herren-Einlegesohlen wurden entwickelt, um den Druck auf den Fu\u00df beim Gehen zu nehmen. Das kreisf\u00f6rmige Design sorgt f\u00fcr Komfort bei jeder Bewegung. Das Durchschnittsgewicht betr\u00e4gt ca. 175 g und die Qualit\u00e4t ist dank der Materialien einzigartig. Erh\u00e4ltlich ab Gr\u00f6\u00dfe 39 bis 48.<\/p>\n","protected":false},"featured_media":847,"comment_status":"open","ping_status":"closed","template":"","meta":{"_acf_changed":false,"_et_pb_use_builder":"","_et_pb_old_content":"","_et_gb_content_width":""},"product_brand":[],"product_cat":[45,54],"product_tag":[],"class_list":{"0":"post-660","1":"product","2":"type-product","3":"status-publish","4":"has-post-thumbnail","6":"product_cat-mann","7":"product_cat-schuheinlagen","9":"first","10":"instock","11":"shipping-taxable","12":"product-type-simple"},"acf":[],"_links":{"self":[{"href":"https:\/\/lotoplant.com\/de\/wp-json\/wp\/v2\/product\/660","targetHints":{"allow":["GET"]}}],"collection":[{"href":"https:\/\/lotoplant.com\/de\/wp-json\/wp\/v2\/product"}],"about":[{"href":"https:\/\/lotoplant.com\/de\/wp-json\/wp\/v2\/types\/product"}],"replies":[{"embeddable":true,"href":"https:\/\/lotoplant.com\/de\/wp-json\/wp\/v2\/comments?post=660"}],"wp:featuredmedia":[{"embeddable":true,"href":"https:\/\/lotoplant.com\/de\/wp-json\/wp\/v2\/media\/847"}],"wp:attachment":[{"href":"https:\/\/lotoplant.com\/de\/wp-json\/wp\/v2\/media?parent=660"}],"wp:term":[{"taxonomy":"product_brand","embeddable":true,"href":"https:\/\/lotoplant.com\/de\/wp-json\/wp\/v2\/product_brand?post=660"},{"taxonomy":"product_cat","embeddable":true,"href":"https:\/\/lotoplant.com\/de\/wp-json\/wp\/v2\/product_cat?post=660"},{"taxonomy":"product_tag","embeddable":true,"href":"https:\/\/lotoplant.com\/de\/wp-json\/wp\/v2\/product_tag?post=660"}],"curies":[{"name":"wp","href":"https:\/\/api.w.org\/{rel}","templated":true}]}}