{"id":659,"date":"2021-04-16T12:02:52","date_gmt":"2021-04-26T10:25:34","guid":{"rendered":"http:\/\/lotoplant.com\/producto\/m15-einlegesohlen\/"},"modified":"2021-05-28T12:32:16","modified_gmt":"2021-05-28T10:32:16","slug":"einlegesohlen-m15","status":"publish","type":"product","link":"https:\/\/lotoplant.com\/de\/producto\/einlegesohlen-m15\/","title":{"rendered":"M15 Einlegesohlen"},"content":{"rendered":"<div class=\"col-sm-12 col-md-5\">\n<div class=\"scrollmagic-pin-spacer\" data-scrollmagic-pin-spacer=\"\">\n<div class=\"portfolio-item-content affixcontent\">\n<div class=\"portfolio-item-desc\">\n<div class=\"portfolio-item-desc-inner \" data-collapse-at=\"150\">\n<p>Einlegesohlen f\u00fcr M\u00e4nner und Frauen mit anatomischem Design und einem Gewicht von 140 g.<\/p>\n<p>Diese sind eine unser gefragtesten Modelle dank ihrer Top-Qualit\u00e4t, Vielseitigkeit und absolutem Komfort. Mit ihnen wird das Gehen zum Vergn\u00fcgen. Erh\u00e4ltlich ab Gr\u00f6\u00dfe 35 bis 50.<\/p>\n<\/div>\n<\/div>\n<div class=\"portfolio-item-otherdetails clearfix\"><\/div>\n<\/div>\n<\/div>\n<\/div>\n<div class=\"col-sm-12 col-md-7\">\n<div class=\"img-full portfolio-item-right mfp-gallery mfp-gallery--misc\"><\/div>\n<\/div>\n","protected":false},"excerpt":{"rendered":"<p>Einlegesohlen f\u00fcr M\u00e4nner und Frauen mit anatomischem Design und einem Gewicht von 140 g. Diese sind eine unser gefragtesten Modelle dank ihrer Top-Qualit\u00e4t, Vielseitigkeit und absolutem Komfort. Mit ihnen wird das Gehen zum Vergn\u00fcgen. Erh\u00e4ltlich ab Gr\u00f6\u00dfe 35 bis 50.<\/p>\n","protected":false},"featured_media":839,"comment_status":"open","ping_status":"closed","template":"","meta":{"_acf_changed":false,"_et_pb_use_builder":"","_et_pb_old_content":"","_et_gb_content_width":""},"product_brand":[],"product_cat":[48,45,54],"product_tag":[],"class_list":{"0":"post-659","1":"product","2":"type-product","3":"status-publish","4":"has-post-thumbnail","6":"product_cat-frau","7":"product_cat-mann","8":"product_cat-schuheinlagen","10":"first","11":"instock","12":"shipping-taxable","13":"product-type-simple"},"acf":[],"_links":{"self":[{"href":"https:\/\/lotoplant.com\/de\/wp-json\/wp\/v2\/product\/659","targetHints":{"allow":["GET"]}}],"collection":[{"href":"https:\/\/lotoplant.com\/de\/wp-json\/wp\/v2\/product"}],"about":[{"href":"https:\/\/lotoplant.com\/de\/wp-json\/wp\/v2\/types\/product"}],"replies":[{"embeddable":true,"href":"https:\/\/lotoplant.com\/de\/wp-json\/wp\/v2\/comments?post=659"}],"wp:featuredmedia":[{"embeddable":true,"href":"https:\/\/lotoplant.com\/de\/wp-json\/wp\/v2\/media\/839"}],"wp:attachment":[{"href":"https:\/\/lotoplant.com\/de\/wp-json\/wp\/v2\/media?parent=659"}],"wp:term":[{"taxonomy":"product_brand","embeddable":true,"href":"https:\/\/lotoplant.com\/de\/wp-json\/wp\/v2\/product_brand?post=659"},{"taxonomy":"product_cat","embeddable":true,"href":"https:\/\/lotoplant.com\/de\/wp-json\/wp\/v2\/product_cat?post=659"},{"taxonomy":"product_tag","embeddable":true,"href":"https:\/\/lotoplant.com\/de\/wp-json\/wp\/v2\/product_tag?post=659"}],"curies":[{"name":"wp","href":"https:\/\/api.w.org\/{rel}","templated":true}]}}