{"id":657,"date":"2021-04-16T12:08:07","date_gmt":"2021-04-26T10:22:34","guid":{"rendered":"http:\/\/lotoplant.com\/producto\/claudia-einlegesohlen\/"},"modified":"2021-05-28T12:32:00","modified_gmt":"2021-05-28T10:32:00","slug":"einlegesohlen-claudia","status":"publish","type":"product","link":"https:\/\/lotoplant.com\/de\/producto\/einlegesohlen-claudia\/","title":{"rendered":"Claudia Einlegesohlen"},"content":{"rendered":"<div class=\"col-sm-12 col-md-5\">\n<div class=\"scrollmagic-pin-spacer\" data-scrollmagic-pin-spacer=\"\">\n<div class=\"portfolio-item-content affixcontent\">\n<div class=\"portfolio-item-desc\">\n<div class=\"portfolio-item-desc-inner \" data-collapse-at=\"150\">\n<p>Extrem leichte Damensohle geeignet f\u00fcr Sandalen und flache Schuhe.<\/p>\n<p>Das Gewicht von 85 g ist eines der Vorteile, da ein angenehmer Komfort beim Gehen erzeugt wird. Die Qualit\u00e4t der Materialien und das Design machen diese zu einer ausgezeichneten Wahl. Erh\u00e4ltlich ab Gr\u00f6\u00dfe 36 bis 42.<\/p>\n<\/div>\n<\/div>\n<\/div>\n<\/div>\n<\/div>\n","protected":false},"excerpt":{"rendered":"<p>Extrem leichte Damensohle geeignet f\u00fcr Sandalen und flache Schuhe. Das Gewicht von 85 g ist eines der Vorteile, da ein angenehmer Komfort beim Gehen erzeugt wird. Die Qualit\u00e4t der Materialien und das Design machen diese zu einer ausgezeichneten Wahl. Erh\u00e4ltlich ab Gr\u00f6\u00dfe 36 bis 42.<\/p>\n","protected":false},"featured_media":826,"comment_status":"open","ping_status":"closed","template":"","meta":{"_acf_changed":false,"_et_pb_use_builder":"","_et_pb_old_content":"","_et_gb_content_width":""},"product_brand":[],"product_cat":[48,54],"product_tag":[],"class_list":{"0":"post-657","1":"product","2":"type-product","3":"status-publish","4":"has-post-thumbnail","6":"product_cat-frau","7":"product_cat-schuheinlagen","9":"first","10":"instock","11":"shipping-taxable","12":"product-type-simple"},"acf":[],"_links":{"self":[{"href":"https:\/\/lotoplant.com\/de\/wp-json\/wp\/v2\/product\/657","targetHints":{"allow":["GET"]}}],"collection":[{"href":"https:\/\/lotoplant.com\/de\/wp-json\/wp\/v2\/product"}],"about":[{"href":"https:\/\/lotoplant.com\/de\/wp-json\/wp\/v2\/types\/product"}],"replies":[{"embeddable":true,"href":"https:\/\/lotoplant.com\/de\/wp-json\/wp\/v2\/comments?post=657"}],"wp:featuredmedia":[{"embeddable":true,"href":"https:\/\/lotoplant.com\/de\/wp-json\/wp\/v2\/media\/826"}],"wp:attachment":[{"href":"https:\/\/lotoplant.com\/de\/wp-json\/wp\/v2\/media?parent=657"}],"wp:term":[{"taxonomy":"product_brand","embeddable":true,"href":"https:\/\/lotoplant.com\/de\/wp-json\/wp\/v2\/product_brand?post=657"},{"taxonomy":"product_cat","embeddable":true,"href":"https:\/\/lotoplant.com\/de\/wp-json\/wp\/v2\/product_cat?post=657"},{"taxonomy":"product_tag","embeddable":true,"href":"https:\/\/lotoplant.com\/de\/wp-json\/wp\/v2\/product_tag?post=657"}],"curies":[{"name":"wp","href":"https:\/\/api.w.org\/{rel}","templated":true}]}}