{"id":655,"date":"2021-04-16T12:11:42","date_gmt":"2021-04-26T10:20:32","guid":{"rendered":"http:\/\/lotoplant.com\/producto\/m51-einlegesohlen\/"},"modified":"2021-05-28T12:31:46","modified_gmt":"2021-05-28T10:31:46","slug":"einlegesohlen-m51","status":"publish","type":"product","link":"https:\/\/lotoplant.com\/de\/producto\/einlegesohlen-m51\/","title":{"rendered":"M51 Einlegesohlen"},"content":{"rendered":"<div class=\"col-sm-12 col-md-5\">\n<div class=\"scrollmagic-pin-spacer\" data-scrollmagic-pin-spacer=\"\">\n<div class=\"portfolio-item-content affixcontent\">\n<div class=\"portfolio-item-desc\">\n<div class=\"portfolio-item-desc-inner \" data-collapse-at=\"150\">\n<p>Anatomische Einlegesohlen f\u00fcr M\u00e4nner, Frauen und Kinder.<\/p>\n<p>Ein vielseitiges, komfortables und perfektes Modell, um sich Ihren Schuhen anzupassen. Perfekt f\u00fcr diejenigen die Komfort beim Gehen suchen. Mit einem Durchschnittsgewicht von 150 g und einem innovativem Design sind sie eines unserer meistverkauften Modelle. Erh\u00e4ltlich ab Gr\u00f6\u00dfe 20 bis 50.<\/p>\n<\/div>\n<\/div>\n<\/div>\n<\/div>\n<\/div>\n","protected":false},"excerpt":{"rendered":"<p>Anatomische Einlegesohlen f\u00fcr M\u00e4nner, Frauen und Kinder. Ein vielseitiges, komfortables und perfektes Modell, um sich Ihren Schuhen anzupassen. Perfekt f\u00fcr diejenigen die Komfort beim Gehen suchen. Mit einem Durchschnittsgewicht von 150 g und einem innovativem Design sind sie eines unserer meistverkauften Modelle. Erh\u00e4ltlich ab Gr\u00f6\u00dfe 20 bis 50.<\/p>\n","protected":false},"featured_media":822,"comment_status":"open","ping_status":"closed","template":"","meta":{"_acf_changed":false,"_et_pb_use_builder":"","_et_pb_old_content":"","_et_gb_content_width":""},"product_brand":[],"product_cat":[48,51,45,54],"product_tag":[],"class_list":{"0":"post-655","1":"product","2":"type-product","3":"status-publish","4":"has-post-thumbnail","6":"product_cat-frau","7":"product_cat-kinder","8":"product_cat-mann","9":"product_cat-schuheinlagen","11":"first","12":"instock","13":"shipping-taxable","14":"product-type-simple"},"acf":[],"_links":{"self":[{"href":"https:\/\/lotoplant.com\/de\/wp-json\/wp\/v2\/product\/655","targetHints":{"allow":["GET"]}}],"collection":[{"href":"https:\/\/lotoplant.com\/de\/wp-json\/wp\/v2\/product"}],"about":[{"href":"https:\/\/lotoplant.com\/de\/wp-json\/wp\/v2\/types\/product"}],"replies":[{"embeddable":true,"href":"https:\/\/lotoplant.com\/de\/wp-json\/wp\/v2\/comments?post=655"}],"wp:featuredmedia":[{"embeddable":true,"href":"https:\/\/lotoplant.com\/de\/wp-json\/wp\/v2\/media\/822"}],"wp:attachment":[{"href":"https:\/\/lotoplant.com\/de\/wp-json\/wp\/v2\/media?parent=655"}],"wp:term":[{"taxonomy":"product_brand","embeddable":true,"href":"https:\/\/lotoplant.com\/de\/wp-json\/wp\/v2\/product_brand?post=655"},{"taxonomy":"product_cat","embeddable":true,"href":"https:\/\/lotoplant.com\/de\/wp-json\/wp\/v2\/product_cat?post=655"},{"taxonomy":"product_tag","embeddable":true,"href":"https:\/\/lotoplant.com\/de\/wp-json\/wp\/v2\/product_tag?post=655"}],"curies":[{"name":"wp","href":"https:\/\/api.w.org\/{rel}","templated":true}]}}