{"id":654,"date":"2021-04-16T12:13:39","date_gmt":"2021-04-26T10:18:55","guid":{"rendered":"http:\/\/lotoplant.com\/producto\/1403-einlegesohlen\/"},"modified":"2021-05-28T12:31:37","modified_gmt":"2021-05-28T10:31:37","slug":"einlegesohlen-1403","status":"publish","type":"product","link":"https:\/\/lotoplant.com\/de\/producto\/einlegesohlen-1403\/","title":{"rendered":"1403 Einlegesohlen"},"content":{"rendered":"<div class=\"col-sm-12 col-md-5\">\n<div class=\"scrollmagic-pin-spacer\" data-scrollmagic-pin-spacer=\"\">\n<div class=\"portfolio-item-content affixcontent\">\n<div class=\"portfolio-item-desc\">\n<div class=\"portfolio-item-desc-inner \" data-collapse-at=\"150\">\n<p>Damen-Einlegesohlen mit einem Gewicht von 145 g.<\/p>\n<p>Perfekt f\u00fcr Keilabsatzmodelle und trotz leichter W\u04e7lbung sehr bequem. Hergestellt mit den besten Materialien die sehr hochwertig und langlebig sind. Erh\u00e4ltlich ab Gr\u00f6\u00dfe 36 bis 42.<\/p>\n<\/div>\n<\/div>\n<\/div>\n<\/div>\n<\/div>\n","protected":false},"excerpt":{"rendered":"<p>Damen-Einlegesohlen mit einem Gewicht von 145 g. Perfekt f\u00fcr Keilabsatzmodelle und trotz leichter W\u04e7lbung sehr bequem. Hergestellt mit den besten Materialien die sehr hochwertig und langlebig sind. Erh\u00e4ltlich ab Gr\u00f6\u00dfe 36 bis 42.<\/p>\n","protected":false},"featured_media":818,"comment_status":"open","ping_status":"closed","template":"","meta":{"_acf_changed":false,"_et_pb_use_builder":"","_et_pb_old_content":"","_et_gb_content_width":""},"product_brand":[],"product_cat":[48,54],"product_tag":[],"class_list":{"0":"post-654","1":"product","2":"type-product","3":"status-publish","4":"has-post-thumbnail","6":"product_cat-frau","7":"product_cat-schuheinlagen","9":"first","10":"instock","11":"shipping-taxable","12":"product-type-simple"},"acf":[],"_links":{"self":[{"href":"https:\/\/lotoplant.com\/de\/wp-json\/wp\/v2\/product\/654","targetHints":{"allow":["GET"]}}],"collection":[{"href":"https:\/\/lotoplant.com\/de\/wp-json\/wp\/v2\/product"}],"about":[{"href":"https:\/\/lotoplant.com\/de\/wp-json\/wp\/v2\/types\/product"}],"replies":[{"embeddable":true,"href":"https:\/\/lotoplant.com\/de\/wp-json\/wp\/v2\/comments?post=654"}],"wp:featuredmedia":[{"embeddable":true,"href":"https:\/\/lotoplant.com\/de\/wp-json\/wp\/v2\/media\/818"}],"wp:attachment":[{"href":"https:\/\/lotoplant.com\/de\/wp-json\/wp\/v2\/media?parent=654"}],"wp:term":[{"taxonomy":"product_brand","embeddable":true,"href":"https:\/\/lotoplant.com\/de\/wp-json\/wp\/v2\/product_brand?post=654"},{"taxonomy":"product_cat","embeddable":true,"href":"https:\/\/lotoplant.com\/de\/wp-json\/wp\/v2\/product_cat?post=654"},{"taxonomy":"product_tag","embeddable":true,"href":"https:\/\/lotoplant.com\/de\/wp-json\/wp\/v2\/product_tag?post=654"}],"curies":[{"name":"wp","href":"https:\/\/api.w.org\/{rel}","templated":true}]}}