{"id":653,"date":"2021-04-16T12:15:54","date_gmt":"2021-04-26T10:17:38","guid":{"rendered":"http:\/\/lotoplant.com\/producto\/722-einlegesohlen\/"},"modified":"2021-05-28T12:31:27","modified_gmt":"2021-05-28T10:31:27","slug":"einlegesohlen-722","status":"publish","type":"product","link":"https:\/\/lotoplant.com\/de\/producto\/einlegesohlen-722\/","title":{"rendered":"722 Einlegesohlen"},"content":{"rendered":"<div class=\"col-sm-12 col-md-5\">\n<div class=\"scrollmagic-pin-spacer\" data-scrollmagic-pin-spacer=\"\">\n<div class=\"portfolio-item-content affixcontent\">\n<div class=\"portfolio-item-desc\">\n<div class=\"portfolio-item-desc-inner \" data-collapse-at=\"150\">\n<p>135 g Damensohlen aus Materialien, die bei jedem Schritt Leichtigkeit und Flexibilit\u00e4t bieten.<\/p>\n<p>Das urspr\u00fcngliche Design, das den Fu\u00dfdruck imitiert, macht es zum perfekten Modell, um diese mit originellen Schuhe zu kombinieren. Erh\u00e4ltlich ab Gr\u00f6\u00dfe 36 bis 42.<\/p>\n<\/div>\n<\/div>\n<\/div>\n<\/div>\n<\/div>\n","protected":false},"excerpt":{"rendered":"<p>135 g Damensohlen aus Materialien, die bei jedem Schritt Leichtigkeit und Flexibilit\u00e4t bieten. Das urspr\u00fcngliche Design, das den Fu\u00dfdruck imitiert, macht es zum perfekten Modell, um diese mit originellen Schuhe zu kombinieren. Erh\u00e4ltlich ab Gr\u00f6\u00dfe 36 bis 42.<\/p>\n","protected":false},"featured_media":814,"comment_status":"open","ping_status":"closed","template":"","meta":{"_acf_changed":false,"_et_pb_use_builder":"","_et_pb_old_content":"","_et_gb_content_width":""},"product_brand":[],"product_cat":[48,54],"product_tag":[],"class_list":{"0":"post-653","1":"product","2":"type-product","3":"status-publish","4":"has-post-thumbnail","6":"product_cat-frau","7":"product_cat-schuheinlagen","9":"first","10":"instock","11":"shipping-taxable","12":"product-type-simple"},"acf":[],"_links":{"self":[{"href":"https:\/\/lotoplant.com\/de\/wp-json\/wp\/v2\/product\/653","targetHints":{"allow":["GET"]}}],"collection":[{"href":"https:\/\/lotoplant.com\/de\/wp-json\/wp\/v2\/product"}],"about":[{"href":"https:\/\/lotoplant.com\/de\/wp-json\/wp\/v2\/types\/product"}],"replies":[{"embeddable":true,"href":"https:\/\/lotoplant.com\/de\/wp-json\/wp\/v2\/comments?post=653"}],"wp:featuredmedia":[{"embeddable":true,"href":"https:\/\/lotoplant.com\/de\/wp-json\/wp\/v2\/media\/814"}],"wp:attachment":[{"href":"https:\/\/lotoplant.com\/de\/wp-json\/wp\/v2\/media?parent=653"}],"wp:term":[{"taxonomy":"product_brand","embeddable":true,"href":"https:\/\/lotoplant.com\/de\/wp-json\/wp\/v2\/product_brand?post=653"},{"taxonomy":"product_cat","embeddable":true,"href":"https:\/\/lotoplant.com\/de\/wp-json\/wp\/v2\/product_cat?post=653"},{"taxonomy":"product_tag","embeddable":true,"href":"https:\/\/lotoplant.com\/de\/wp-json\/wp\/v2\/product_tag?post=653"}],"curies":[{"name":"wp","href":"https:\/\/api.w.org\/{rel}","templated":true}]}}