{"id":1915,"date":"2022-05-31T10:03:41","date_gmt":"2022-06-03T10:45:31","guid":{"rendered":"http:\/\/lotoplant.com\/?post_type=product&#038;p=1915"},"modified":"2022-06-03T12:45:31","modified_gmt":"2022-06-03T10:45:31","slug":"einlegesohle-183","status":"publish","type":"product","link":"https:\/\/lotoplant.com\/de\/producto\/einlegesohle-183\/","title":{"rendered":"Einlegesohle 183"},"content":{"rendered":"<p>Einlegesohle f\u00fcr Damen mit mittlerem St\u00f6ckel und abgerundeter Zehen -und Fersen-Form. Perfekt, um Ihrem Design eine subtile Note zu verleihen.<\/p>\n<p>Ultraleicht mit einem Gewicht von ca. 125g und erh\u00e4ltlich von Gr\u00f6\u00dfe 36 bis 42.<\/p>\n","protected":false},"excerpt":{"rendered":"<p>Einlegesohle f\u00fcr Damen mit mittlerem St\u00f6ckel und abgerundeter Zehen -und Fersen-Form. Perfekt, um Ihrem Design eine subtile Note zu verleihen. Ultraleicht mit einem Gewicht von ca. 125g und erh\u00e4ltlich von Gr\u00f6\u00dfe 36 bis 42.<\/p>\n","protected":false},"featured_media":1753,"comment_status":"open","ping_status":"closed","template":"","meta":{"_acf_changed":false,"_et_pb_use_builder":"","_et_pb_old_content":"","_et_gb_content_width":""},"product_brand":[],"product_cat":[48,54],"product_tag":[],"class_list":{"0":"post-1915","1":"product","2":"type-product","3":"status-publish","4":"has-post-thumbnail","6":"product_cat-frau","7":"product_cat-schuheinlagen","9":"first","10":"instock","11":"shipping-taxable","12":"product-type-simple"},"acf":[],"_links":{"self":[{"href":"https:\/\/lotoplant.com\/de\/wp-json\/wp\/v2\/product\/1915","targetHints":{"allow":["GET"]}}],"collection":[{"href":"https:\/\/lotoplant.com\/de\/wp-json\/wp\/v2\/product"}],"about":[{"href":"https:\/\/lotoplant.com\/de\/wp-json\/wp\/v2\/types\/product"}],"replies":[{"embeddable":true,"href":"https:\/\/lotoplant.com\/de\/wp-json\/wp\/v2\/comments?post=1915"}],"wp:featuredmedia":[{"embeddable":true,"href":"https:\/\/lotoplant.com\/de\/wp-json\/wp\/v2\/media\/1753"}],"wp:attachment":[{"href":"https:\/\/lotoplant.com\/de\/wp-json\/wp\/v2\/media?parent=1915"}],"wp:term":[{"taxonomy":"product_brand","embeddable":true,"href":"https:\/\/lotoplant.com\/de\/wp-json\/wp\/v2\/product_brand?post=1915"},{"taxonomy":"product_cat","embeddable":true,"href":"https:\/\/lotoplant.com\/de\/wp-json\/wp\/v2\/product_cat?post=1915"},{"taxonomy":"product_tag","embeddable":true,"href":"https:\/\/lotoplant.com\/de\/wp-json\/wp\/v2\/product_tag?post=1915"}],"curies":[{"name":"wp","href":"https:\/\/api.w.org\/{rel}","templated":true}]}}