{"id":1913,"date":"2022-05-31T15:09:43","date_gmt":"2022-06-03T10:43:31","guid":{"rendered":"http:\/\/lotoplant.com\/?post_type=product&#038;p=1913"},"modified":"2022-06-03T12:43:32","modified_gmt":"2022-06-03T10:43:32","slug":"einlegesohle-gulet-modell","status":"publish","type":"product","link":"https:\/\/lotoplant.com\/de\/producto\/einlegesohle-gulet-modell\/","title":{"rendered":"Einlegesohle Gulet-Modell"},"content":{"rendered":"<p>Anatomische Einlegesohle Goleta. Entworfen mit einem vielseitigen Stil, der sich an jeden Schuh anpasst. Es ist eines der meistverkauften Modelle in unserer Kollektion, dank seinem unvergleichlichen Komfort.<\/p>\n<p>Die Sohle hat ein Gewicht von ca. 160g und ist von Gr\u00f6\u00dfe 36 bis 42 erh\u00e4ltlich.<\/p>\n","protected":false},"excerpt":{"rendered":"<p>Anatomische Einlegesohle Goleta. Entworfen mit einem vielseitigen Stil, der sich an jeden Schuh anpasst. Es ist eines der meistverkauften Modelle in unserer Kollektion, dank seinem unvergleichlichen Komfort. Die Sohle hat ein Gewicht von ca. 160g und ist von Gr\u00f6\u00dfe 36 bis 42 erh\u00e4ltlich.<\/p>\n","protected":false},"featured_media":1836,"comment_status":"open","ping_status":"closed","template":"","meta":{"_acf_changed":false,"_et_pb_use_builder":"","_et_pb_old_content":"","_et_gb_content_width":""},"product_brand":[],"product_cat":[48,54],"product_tag":[],"class_list":{"0":"post-1913","1":"product","2":"type-product","3":"status-publish","4":"has-post-thumbnail","6":"product_cat-frau","7":"product_cat-schuheinlagen","9":"first","10":"instock","11":"shipping-taxable","12":"product-type-simple"},"acf":[],"_links":{"self":[{"href":"https:\/\/lotoplant.com\/de\/wp-json\/wp\/v2\/product\/1913","targetHints":{"allow":["GET"]}}],"collection":[{"href":"https:\/\/lotoplant.com\/de\/wp-json\/wp\/v2\/product"}],"about":[{"href":"https:\/\/lotoplant.com\/de\/wp-json\/wp\/v2\/types\/product"}],"replies":[{"embeddable":true,"href":"https:\/\/lotoplant.com\/de\/wp-json\/wp\/v2\/comments?post=1913"}],"wp:featuredmedia":[{"embeddable":true,"href":"https:\/\/lotoplant.com\/de\/wp-json\/wp\/v2\/media\/1836"}],"wp:attachment":[{"href":"https:\/\/lotoplant.com\/de\/wp-json\/wp\/v2\/media?parent=1913"}],"wp:term":[{"taxonomy":"product_brand","embeddable":true,"href":"https:\/\/lotoplant.com\/de\/wp-json\/wp\/v2\/product_brand?post=1913"},{"taxonomy":"product_cat","embeddable":true,"href":"https:\/\/lotoplant.com\/de\/wp-json\/wp\/v2\/product_cat?post=1913"},{"taxonomy":"product_tag","embeddable":true,"href":"https:\/\/lotoplant.com\/de\/wp-json\/wp\/v2\/product_tag?post=1913"}],"curies":[{"name":"wp","href":"https:\/\/api.w.org\/{rel}","templated":true}]}}